{"id":42615,"date":"2025-05-23T11:44:45","date_gmt":"2025-05-23T11:44:45","guid":{"rendered":"https:\/\/smalldatagarden.com\/?post_type=product&#038;p=42615"},"modified":"2025-05-27T05:20:06","modified_gmt":"2025-05-27T05:20:06","slug":"iotsu-rh-temp-e-ink","status":"publish","type":"product","link":"https:\/\/smalldatagarden.com\/fi\/tuote\/iotsu-rh-temp-e-ink\/","title":{"rendered":"IOTSU\u00ae rH Temp E Ink"},"content":{"rendered":"<div class=\"wp-block-group has-global-padding is-layout-constrained wp-block-group-is-layout-constrained\">\n<h3 class=\"wp-block-heading\">Miksi valita IOTSU\u00ae?<\/h3>\n<p>Haluatpa yll\u00e4pit\u00e4\u00e4 ty\u00f6ntekij\u00f6ille miellytt\u00e4v\u00e4\u00e4 toimistoymp\u00e4rist\u00f6\u00e4 tai optimoida rakennuksen toimintaa energiakustannusten v\u00e4hent\u00e4miseksi, IOTSU\u00ae rH Temp E Ink tarjoaa luotettavaa, jatkuvaa dataa ilman jatkuvaa yll\u00e4pitoa.<\/p>\n<\/div>\n<p>&nbsp;<\/p>\n<div class=\"wp-block-group has-primary-background-color has-background has-global-padding is-layout-constrained wp-container-core-group-is-layout-19e250f3 wp-block-group-is-layout-constrained\" style=\"border-radius: 15px;\">\n<div class=\"wp-block-group has-global-padding is-layout-constrained wp-block-group-is-layout-constrained\">\n<h3 class=\"wp-block-heading\" style=\"color: #ffffff;\">T\u00e4rkeimm\u00e4t edut<\/h3>\n<\/div>\n<div class=\"wp-block-columns is-layout-flex wp-container-core-columns-is-layout-78a2afae wp-block-columns-is-layout-flex\" style=\"margin-top: var(--wp--preset--spacing--superbspacing-small); margin-bottom: var(--wp--preset--spacing--superbspacing-small);\">\n<div class=\"wp-block-column is-layout-flow wp-block-column-is-layout-flow\" style=\"flex-basis: 50%;\">\n<div class=\"wp-block-group has-global-padding is-layout-constrained wp-container-core-group-is-layout-19e250f3 wp-block-group-is-layout-constrained\">\n<p class=\"has-contrast-light-color has-text-color has-link-color wp-elements-250ddf0aff0cae82f0e51088d928e2db\"><b>Kattava ilmanlaadun seuranta<\/b><br \/>\nSeuraa l\u00e4mp\u00f6tilaa ja ilmankosteutta s\u00e4\u00e4dett\u00e4vill\u00e4 l\u00e4hetysjaksoilla.<\/p>\n<\/div>\n<\/div>\n<div class=\"wp-block-column is-layout-flow wp-container-core-column-is-layout-8a368f38 wp-block-column-is-layout-flow\" style=\"flex-basis: 50%;\">\n<p class=\"has-contrast-light-color has-text-color has-link-color wp-elements-250ddf0aff0cae82f0e51088d928e2db\"><b>Pitk\u00e4 paristonkesto<\/b><br \/>\nToimii jopa viisi vuotta vaihdettavalla C-paristolla.<\/p>\n<\/div>\n<\/div>\n<div class=\"wp-block-columns is-layout-flex wp-container-core-columns-is-layout-28f84493 wp-block-columns-is-layout-flex\">\n<div class=\"wp-block-column is-layout-flow wp-container-core-column-is-layout-8a368f38 wp-block-column-is-layout-flow\" style=\"flex-basis: 50%;\">\n<div class=\"wp-block-group has-global-padding is-layout-constrained wp-container-core-group-is-layout-19e250f3 wp-block-group-is-layout-constrained\">\n<p class=\"has-contrast-light-color has-text-color has-link-color wp-elements-250ddf0aff0cae82f0e51088d928e2db\"><b>Langaton ja huoltovapaa<\/b><br \/>\nNopea ja vaivaton asennus ilman tarvetta ulkoiselle virtal\u00e4hteelle.<\/p>\n<\/div>\n<\/div>\n<div class=\"wp-block-column is-layout-flow wp-container-core-column-is-layout-8a368f38 wp-block-column-is-layout-flow\" style=\"flex-basis: 50%;\">\n<p class=\"has-contrast-light-color has-text-color has-link-color wp-elements-250ddf0aff0cae82f0e51088d928e2db\"><b>Kansainv\u00e4liset yhteydet<\/b><br \/>\nK\u00e4ytt\u00e4\u00e4 NB-IoT tai LoRaWAN\u00ae verkkoja saumattomaan tiedonv\u00e4litykseen.<\/p>\n<\/div>\n<\/div>\n<\/div>\n<p>&nbsp;<\/p>\n<p><strong>Mittasuhteet<\/strong>: 63 x 114 x 30 mm<br \/>\n<strong>Paino<\/strong>: 111 g (pariston kanssa)<br \/>\n<strong>Anturit<\/strong>: L\u00e4mp\u00f6tila, ilmankosteus<br \/>\n<strong>L\u00e4hetysv\u00e4li<\/strong>: 2 tuntia (s\u00e4\u00e4dett\u00e4viss\u00e4)<br \/>\n<strong>Mittausv\u00e4li<\/strong>: 30 minuuttia<br \/>\n<strong>Paristo<\/strong>: Koko C, 3.6 V, vaihdettavissa<br \/>\n<strong>IoT-yhteysratkaisut<\/strong>: LoRaWAN\u00ae<br \/>\n<strong>IP-luokka<\/strong>: IP30<br \/>\n<strong>K\u00e4ytt\u00f6olosuhteet<\/strong>: 0\u00b0C - +50\u00b0C, Ilmankosteus \u226485% (ei-tiivistyv\u00e4)<br \/>\n<strong>Tyypillinen tarkkuus<\/strong>: L\u00e4mp\u00f6tila: \u00b10.2\u00b0C, Kosteus: \u00b12%<br \/>\n<strong>Kiinnitys<\/strong>: Ruuvit, Kaksipuolinen teippi<\/p>\n<p>&nbsp;<\/p>\n<p><strong>Dokumentit:<\/strong><\/p>\n<p><a href=\"https:\/\/smalldatagarden.com\/wp-content\/uploads\/2025\/05\/IOTSU_L3_TH02_EPD01_Datasheet_pdf.pdf\">Lataa Datasheet (LoRaWAN)<\/a><\/p>\n<p>&nbsp;<\/p>\n<p>&nbsp;<\/p>","protected":false},"excerpt":{"rendered":"<p><strong><b>Seuraa sis\u00e4ilmaolosuhteita luottavaisin mielin<\/b><\/strong><\/p>\n<p>Varmista terveelliset ja vakaat olosuhteet miss\u00e4 tahansa rakennuksessa IOTSU\u00ae rH Temp E Ink -laitteella, joka on langaton l\u00e4mp\u00f6tila- ja kosteusanturi, joka on suunniteltu pitk\u00e4aikaiseen, vaivattomaan seurantaan. Halusitpa sitten varmistaa miellytt\u00e4v\u00e4n sis\u00e4ilman, optimoida ilmanvaihtoj\u00e4rjestelm\u00e4n suorituskyvyn tai yll\u00e4pit\u00e4\u00e4 vakaita olosuhteita, IOTSU\u00ae rH Temp E Ink toimittaa luotettavaa dataa.<\/p>","protected":false},"featured_media":42616,"template":"","meta":[],"product_brand":[],"product_cat":[80,18],"product_tag":[77,21,22],"class_list":{"0":"post-42615","1":"product","2":"type-product","3":"status-publish","4":"has-post-thumbnail","6":"product_cat-e-ink-devices","7":"product_cat-uncategorized","8":"product_tag-display","9":"product_tag-humidity","10":"product_tag-temperature","12":"first","13":"instock","14":"shipping-taxable","15":"product-type-simple"},"yoast_head":"<!-- This site is optimized with the Yoast SEO plugin v27.2 - https:\/\/yoast.com\/product\/yoast-seo-wordpress\/ -->\n<title>IOTSU\u00ae rH Temp E Ink - Small Data Garden<\/title>\n<meta name=\"robots\" content=\"index, follow, max-snippet:-1, max-image-preview:large, max-video-preview:-1\" \/>\n<link rel=\"canonical\" href=\"https:\/\/smalldatagarden.com\/fi\/tuote\/iotsu-rh-temp-e-ink\/\" \/>\n<meta property=\"og:locale\" content=\"fi_FI\" \/>\n<meta property=\"og:type\" content=\"article\" \/>\n<meta property=\"og:title\" content=\"IOTSU\u00ae rH Temp E Ink - Small Data Garden\" \/>\n<meta property=\"og:description\" content=\"Monitor Your Indoor Environment with Confidence  Ensure healthy and stable conditions in any building with the IOTSU\u00ae rH Temp E Ink , a wireless temperature and humidity sensor designed for long-term, hassle-free monitoring. Whether you\u2019re ensuring comfortable indoor climate, optimising HVAC performance, or maintaining stable conditions, the IOTSU\u00ae rH Temp E Ink delivers reliable data.\" \/>\n<meta property=\"og:url\" content=\"https:\/\/smalldatagarden.com\/fi\/tuote\/iotsu-rh-temp-e-ink\/\" \/>\n<meta property=\"og:site_name\" content=\"Small Data Garden\" \/>\n<meta property=\"article:modified_time\" content=\"2025-05-27T05:20:06+00:00\" \/>\n<meta property=\"og:image\" content=\"https:\/\/smalldatagarden.com\/wp-content\/uploads\/2025\/05\/1.-IOTSU-L3-TH02-EPD01-Front.jpg\" \/>\n\t<meta property=\"og:image:width\" content=\"2000\" \/>\n\t<meta property=\"og:image:height\" content=\"2000\" \/>\n\t<meta property=\"og:image:type\" content=\"image\/jpeg\" \/>\n<meta name=\"twitter:card\" content=\"summary_large_image\" \/>\n<meta name=\"twitter:label1\" content=\"Arvioitu lukuaika\" \/>\n\t<meta name=\"twitter:data1\" content=\"1 minuutti\" \/>\n<script type=\"application\/ld+json\" class=\"yoast-schema-graph\">{\"@context\":\"https:\/\/schema.org\",\"@graph\":[{\"@type\":\"WebPage\",\"@id\":\"https:\/\/smalldatagarden.com\/product\/iotsu-rh-temp-e-ink\/\",\"url\":\"https:\/\/smalldatagarden.com\/product\/iotsu-rh-temp-e-ink\/\",\"name\":\"IOTSU\u00ae rH Temp E Ink - Small Data Garden\",\"isPartOf\":{\"@id\":\"https:\/\/smalldatagarden.com\/#website\"},\"primaryImageOfPage\":{\"@id\":\"https:\/\/smalldatagarden.com\/product\/iotsu-rh-temp-e-ink\/#primaryimage\"},\"image\":{\"@id\":\"https:\/\/smalldatagarden.com\/product\/iotsu-rh-temp-e-ink\/#primaryimage\"},\"thumbnailUrl\":\"https:\/\/smalldatagarden.com\/wp-content\/uploads\/2025\/05\/1.-IOTSU-L3-TH02-EPD01-Front.jpg\",\"datePublished\":\"2025-05-23T11:44:45+00:00\",\"dateModified\":\"2025-05-27T05:20:06+00:00\",\"breadcrumb\":{\"@id\":\"https:\/\/smalldatagarden.com\/product\/iotsu-rh-temp-e-ink\/#breadcrumb\"},\"inLanguage\":\"fi\",\"potentialAction\":[{\"@type\":\"ReadAction\",\"target\":[\"https:\/\/smalldatagarden.com\/product\/iotsu-rh-temp-e-ink\/\"]}]},{\"@type\":\"ImageObject\",\"inLanguage\":\"fi\",\"@id\":\"https:\/\/smalldatagarden.com\/product\/iotsu-rh-temp-e-ink\/#primaryimage\",\"url\":\"https:\/\/smalldatagarden.com\/wp-content\/uploads\/2025\/05\/1.-IOTSU-L3-TH02-EPD01-Front.jpg\",\"contentUrl\":\"https:\/\/smalldatagarden.com\/wp-content\/uploads\/2025\/05\/1.-IOTSU-L3-TH02-EPD01-Front.jpg\",\"width\":2000,\"height\":2000},{\"@type\":\"BreadcrumbList\",\"@id\":\"https:\/\/smalldatagarden.com\/product\/iotsu-rh-temp-e-ink\/#breadcrumb\",\"itemListElement\":[{\"@type\":\"ListItem\",\"position\":1,\"name\":\"Home\",\"item\":\"https:\/\/smalldatagarden.com\/fi\/\"},{\"@type\":\"ListItem\",\"position\":2,\"name\":\"Products\",\"item\":\"https:\/\/smalldatagarden.com\/shop\/\"},{\"@type\":\"ListItem\",\"position\":3,\"name\":\"IOTSU\u00ae rH Temp E Ink\"}]},{\"@type\":\"WebSite\",\"@id\":\"https:\/\/smalldatagarden.com\/#website\",\"url\":\"https:\/\/smalldatagarden.com\/\",\"name\":\"Small Data Garden\",\"description\":\"\",\"publisher\":{\"@id\":\"https:\/\/smalldatagarden.com\/#organization\"},\"potentialAction\":[{\"@type\":\"SearchAction\",\"target\":{\"@type\":\"EntryPoint\",\"urlTemplate\":\"https:\/\/smalldatagarden.com\/?s={search_term_string}\"},\"query-input\":{\"@type\":\"PropertyValueSpecification\",\"valueRequired\":true,\"valueName\":\"search_term_string\"}}],\"inLanguage\":\"fi\"},{\"@type\":\"Organization\",\"@id\":\"https:\/\/smalldatagarden.com\/#organization\",\"name\":\"Small Data Garden\",\"url\":\"https:\/\/smalldatagarden.com\/\",\"logo\":{\"@type\":\"ImageObject\",\"inLanguage\":\"fi\",\"@id\":\"https:\/\/smalldatagarden.com\/#\/schema\/logo\/image\/\",\"url\":\"https:\/\/smalldatagarden.com\/wp-content\/uploads\/2025\/02\/sdg_logo.png\",\"contentUrl\":\"https:\/\/smalldatagarden.com\/wp-content\/uploads\/2025\/02\/sdg_logo.png\",\"width\":500,\"height\":500,\"caption\":\"Small Data Garden\"},\"image\":{\"@id\":\"https:\/\/smalldatagarden.com\/#\/schema\/logo\/image\/\"},\"sameAs\":[\"https:\/\/www.linkedin.com\/company\/11354060\/\"]}]}<\/script>\n<!-- \/ Yoast SEO plugin. -->","yoast_head_json":{"title":"IOTSU\u00ae rH Temp E Ink - Small Data Garden","robots":{"index":"index","follow":"follow","max-snippet":"max-snippet:-1","max-image-preview":"max-image-preview:large","max-video-preview":"max-video-preview:-1"},"canonical":"https:\/\/smalldatagarden.com\/fi\/tuote\/iotsu-rh-temp-e-ink\/","og_locale":"fi_FI","og_type":"article","og_title":"IOTSU\u00ae rH Temp E Ink - Small Data Garden","og_description":"Monitor Your Indoor Environment with Confidence  Ensure healthy and stable conditions in any building with the IOTSU\u00ae rH Temp E Ink , a wireless temperature and humidity sensor designed for long-term, hassle-free monitoring. Whether you\u2019re ensuring comfortable indoor climate, optimising HVAC performance, or maintaining stable conditions, the IOTSU\u00ae rH Temp E Ink delivers reliable data.","og_url":"https:\/\/smalldatagarden.com\/fi\/tuote\/iotsu-rh-temp-e-ink\/","og_site_name":"Small Data Garden","article_modified_time":"2025-05-27T05:20:06+00:00","og_image":[{"width":2000,"height":2000,"url":"https:\/\/smalldatagarden.com\/wp-content\/uploads\/2025\/05\/1.-IOTSU-L3-TH02-EPD01-Front.jpg","type":"image\/jpeg"}],"twitter_card":"summary_large_image","twitter_misc":{"Arvioitu lukuaika":"1 minuutti"},"schema":{"@context":"https:\/\/schema.org","@graph":[{"@type":"WebPage","@id":"https:\/\/smalldatagarden.com\/product\/iotsu-rh-temp-e-ink\/","url":"https:\/\/smalldatagarden.com\/product\/iotsu-rh-temp-e-ink\/","name":"IOTSU\u00ae rH Temp E Ink - Small Data Garden","isPartOf":{"@id":"https:\/\/smalldatagarden.com\/#website"},"primaryImageOfPage":{"@id":"https:\/\/smalldatagarden.com\/product\/iotsu-rh-temp-e-ink\/#primaryimage"},"image":{"@id":"https:\/\/smalldatagarden.com\/product\/iotsu-rh-temp-e-ink\/#primaryimage"},"thumbnailUrl":"https:\/\/smalldatagarden.com\/wp-content\/uploads\/2025\/05\/1.-IOTSU-L3-TH02-EPD01-Front.jpg","datePublished":"2025-05-23T11:44:45+00:00","dateModified":"2025-05-27T05:20:06+00:00","breadcrumb":{"@id":"https:\/\/smalldatagarden.com\/product\/iotsu-rh-temp-e-ink\/#breadcrumb"},"inLanguage":"fi","potentialAction":[{"@type":"ReadAction","target":["https:\/\/smalldatagarden.com\/product\/iotsu-rh-temp-e-ink\/"]}]},{"@type":"ImageObject","inLanguage":"fi","@id":"https:\/\/smalldatagarden.com\/product\/iotsu-rh-temp-e-ink\/#primaryimage","url":"https:\/\/smalldatagarden.com\/wp-content\/uploads\/2025\/05\/1.-IOTSU-L3-TH02-EPD01-Front.jpg","contentUrl":"https:\/\/smalldatagarden.com\/wp-content\/uploads\/2025\/05\/1.-IOTSU-L3-TH02-EPD01-Front.jpg","width":2000,"height":2000},{"@type":"BreadcrumbList","@id":"https:\/\/smalldatagarden.com\/product\/iotsu-rh-temp-e-ink\/#breadcrumb","itemListElement":[{"@type":"ListItem","position":1,"name":"Home","item":"https:\/\/smalldatagarden.com\/fi\/"},{"@type":"ListItem","position":2,"name":"Products","item":"https:\/\/smalldatagarden.com\/shop\/"},{"@type":"ListItem","position":3,"name":"IOTSU\u00ae rH Temp E Ink"}]},{"@type":"WebSite","@id":"https:\/\/smalldatagarden.com\/#website","url":"https:\/\/smalldatagarden.com\/","name":"Small Data Garden","description":"","publisher":{"@id":"https:\/\/smalldatagarden.com\/#organization"},"potentialAction":[{"@type":"SearchAction","target":{"@type":"EntryPoint","urlTemplate":"https:\/\/smalldatagarden.com\/?s={search_term_string}"},"query-input":{"@type":"PropertyValueSpecification","valueRequired":true,"valueName":"search_term_string"}}],"inLanguage":"fi"},{"@type":"Organization","@id":"https:\/\/smalldatagarden.com\/#organization","name":"Small Data Garden","url":"https:\/\/smalldatagarden.com\/","logo":{"@type":"ImageObject","inLanguage":"fi","@id":"https:\/\/smalldatagarden.com\/#\/schema\/logo\/image\/","url":"https:\/\/smalldatagarden.com\/wp-content\/uploads\/2025\/02\/sdg_logo.png","contentUrl":"https:\/\/smalldatagarden.com\/wp-content\/uploads\/2025\/02\/sdg_logo.png","width":500,"height":500,"caption":"Small Data Garden"},"image":{"@id":"https:\/\/smalldatagarden.com\/#\/schema\/logo\/image\/"},"sameAs":["https:\/\/www.linkedin.com\/company\/11354060\/"]}]}},"_links":{"self":[{"href":"https:\/\/smalldatagarden.com\/fi\/wp-json\/wp\/v2\/product\/42615","targetHints":{"allow":["GET"]}}],"collection":[{"href":"https:\/\/smalldatagarden.com\/fi\/wp-json\/wp\/v2\/product"}],"about":[{"href":"https:\/\/smalldatagarden.com\/fi\/wp-json\/wp\/v2\/types\/product"}],"wp:featuredmedia":[{"embeddable":true,"href":"https:\/\/smalldatagarden.com\/fi\/wp-json\/wp\/v2\/media\/42616"}],"wp:attachment":[{"href":"https:\/\/smalldatagarden.com\/fi\/wp-json\/wp\/v2\/media?parent=42615"}],"wp:term":[{"taxonomy":"product_brand","embeddable":true,"href":"https:\/\/smalldatagarden.com\/fi\/wp-json\/wp\/v2\/product_brand?post=42615"},{"taxonomy":"product_cat","embeddable":true,"href":"https:\/\/smalldatagarden.com\/fi\/wp-json\/wp\/v2\/product_cat?post=42615"},{"taxonomy":"product_tag","embeddable":true,"href":"https:\/\/smalldatagarden.com\/fi\/wp-json\/wp\/v2\/product_tag?post=42615"}],"curies":[{"name":"wp","href":"https:\/\/api.w.org\/{rel}","templated":true}]}}