{"id":42097,"date":"2025-04-23T08:04:33","date_gmt":"2025-04-23T08:04:33","guid":{"rendered":"https:\/\/smalldatagarden.com\/?post_type=product&#038;p=42097"},"modified":"2025-11-25T09:33:52","modified_gmt":"2025-11-25T09:33:52","slug":"iotsu-sigfox-gps","status":"publish","type":"product","link":"https:\/\/smalldatagarden.com\/fi\/tuote\/iotsu-sigfox-gps\/","title":{"rendered":"IOTSU\u00ae Rugged GPS"},"content":{"rendered":"<div class=\"wp-block-group has-global-padding is-layout-constrained wp-block-group-is-layout-constrained\">\n<h3 class=\"wp-block-heading\">Miksi valita IOTSU\u00ae?<\/h3>\n<p>Olipa kyseess\u00e4 ajoneuvojen liikkeiden seuranta tai arvokkaan omaisuuden turvaaminen, IOTSU\u00ae Compact GPS tarjoaa reaaliaikaiset sijaintip\u00e4ivitykset liikepohjaisella seurannalla, langattomalla yhteydell\u00e4 ja pitk\u00e4ll\u00e4 akunkestolla \u2013 kaikki kompaktissa, huoltovapaassa paketissa.<\/p>\n<\/div>\n<p>&nbsp;<\/p>\n<div class=\"wp-block-group has-primary-background-color has-background has-global-padding is-layout-constrained wp-container-core-group-is-layout-19e250f3 wp-block-group-is-layout-constrained\" style=\"border-radius:15px\">\n<div class=\"wp-block-group has-global-padding is-layout-constrained wp-block-group-is-layout-constrained\">\n<h3 class=\"wp-block-heading\" style=\"color: #FFFFFF\">T\u00e4rkeimm\u00e4t edut<\/h3>\n<\/div>\n<div class=\"wp-block-columns is-layout-flex wp-container-core-columns-is-layout-78a2afae wp-block-columns-is-layout-flex\" style=\"margin-top:var(--wp--preset--spacing--superbspacing-small);margin-bottom:var(--wp--preset--spacing--superbspacing-small)\">\n<div class=\"wp-block-column is-layout-flow wp-block-column-is-layout-flow\" style=\"flex-basis:50%\">\n<div class=\"wp-block-group has-global-padding is-layout-constrained wp-container-core-group-is-layout-19e250f3 wp-block-group-is-layout-constrained\">\n<p class=\"has-contrast-light-color has-text-color has-link-color wp-elements-250ddf0aff0cae82f0e51088d928e2db\"><b>\u00c4lyk\u00e4s liikepohjainen seuranta<\/b><br \/>L\u00e4hett\u00e4\u00e4 sijaintia tihe\u00e4mmin liikkuessaan ja harvemmin paikallaan ollessaan, mik\u00e4 s\u00e4\u00e4st\u00e4\u00e4 energiaa ja v\u00e4hent\u00e4\u00e4 tarpeetonta datank\u00e4ytt\u00f6\u00e4.<\/p>\n<\/p><\/div>\n<\/p><\/div>\n<div class=\"wp-block-column is-layout-flow wp-container-core-column-is-layout-8a368f38 wp-block-column-is-layout-flow\" style=\"flex-basis:50%\">\n<p class=\"has-contrast-light-color has-text-color has-link-color wp-elements-250ddf0aff0cae82f0e51088d928e2db\"><b>Kompakti ja kevyt<\/b><br \/>Suunniteltu helppoa ajoneuvoihin tai laitteisiin kiinnitt\u00e4mist\u00e4 varten.<\/p>\n<\/p><\/div>\n<\/p><\/div>\n<div class=\"wp-block-columns is-layout-flex wp-container-core-columns-is-layout-28f84493 wp-block-columns-is-layout-flex\">\n<div class=\"wp-block-column is-layout-flow wp-container-core-column-is-layout-8a368f38 wp-block-column-is-layout-flow\" style=\"flex-basis:50%\">\n<div class=\"wp-block-group has-global-padding is-layout-constrained wp-container-core-group-is-layout-19e250f3 wp-block-group-is-layout-constrained\">\n<p class=\"has-contrast-light-color has-text-color has-link-color wp-elements-250ddf0aff0cae82f0e51088d928e2db\"><b>Optimoitu virranhallinta<\/b><br \/>Mahdollistaa pitk\u00e4n k\u00e4ytt\u00f6i\u00e4n syrj\u00e4isiss\u00e4 ymp\u00e4rist\u00f6iss\u00e4.<\/p>\n<\/p><\/div>\n<\/p><\/div>\n<div class=\"wp-block-column is-layout-flow wp-container-core-column-is-layout-8a368f38 wp-block-column-is-layout-flow\" style=\"flex-basis:50%\">\n<p class=\"has-contrast-light-color has-text-color has-link-color wp-elements-250ddf0aff0cae82f0e51088d928e2db\"><b>Monipuoliset k\u00e4ytt\u00f6mahdollisuudet<\/b><br \/>Sopii ajoneuvojen seurantaan ja omaisuuden turvaamiseen.<\/p>\n<\/p><\/div>\n<\/p><\/div>\n<\/div>\n<p>&nbsp;<\/p>\n<p><strong>Mittasuhteet<\/strong>: 140 x 60 x 40 mm<br \/>\n<strong>Paino<\/strong>: 225 g (pariston kanssa)<br \/>\n<strong>Anturit<\/strong>: GPS, Kiihtyvyys, L\u00e4mp\u00f6tila<br \/>\n<strong>L\u00e4hetysv\u00e4li<\/strong>: Adjustable<br \/>\n<strong>Paristo<\/strong>: 2x koko C Lithium, vaihdettavissa<br \/>\n<strong>IoT-yhteysratkaisut<\/strong>: Sigfox<br \/>\n<strong>IP-luokka<\/strong>: IP67<br \/>\n<strong>K\u00e4ytt\u00f6olosuhteet<\/strong>: -30\u00b0C to +50\u00b0C, RH \u226485%<br \/>\n<strong>Kiinnitys<\/strong>: Kaksipuolinen teippi, Ruuvit<\/p>\n<p>&nbsp;<\/p>\n<p><strong>Dokumentit<\/strong>:<\/p>\n<p><a href=\"https:\/\/smalldatagarden.com\/wp-content\/uploads\/2025\/04\/IOTSU\u00ae-S2R-L03_2p.pdf\">Lataa datasheet (Sigfox)<\/a><\/p>\n<p>&nbsp;<\/p>","protected":false},"excerpt":{"rendered":"<p><strong>\u00c4lyk\u00e4s ja pitk\u00e4kestoinen GPS-seuranta kaikkiin sovelluksiin<\/strong><\/p>\n<p>IOTSU\u00ae Rugged GPS on langaton GPS-paikannin, joka p\u00e4ivitt\u00e4\u00e4 sijaintitietoja liikkeen perusteella. Se on suunniteltu ajoneuvojen ja muun omaisuuden tehokkaaseen ja luotettavaan seurantaan. Laite k\u00e4ytt\u00e4\u00e4 kiihtyvyysanturia liikkeen tunnistamiseen ja l\u00e4hett\u00e4\u00e4 sijaintitietonsa liikkuessaan. Se siirtyy virrans\u00e4\u00e4st\u00f6tilaan ollessaan paikallaan, mik\u00e4 takaa pitk\u00e4n pariston keston.<\/p>\n<p>Olitpa seuraamassa omaisuutta syrj\u00e4isill\u00e4 alueilla, hallinnoimassa ajoneuvokantaa tai turvaamassa arvokasta laitteistoa, t\u00e4m\u00e4 laite toimittaa sijaintitietoja reaaliajassa.<\/p>","protected":false},"featured_media":42423,"template":"","meta":[],"product_brand":[],"product_cat":[55],"product_tag":[79,53],"class_list":{"0":"post-42097","1":"product","2":"type-product","3":"status-publish","4":"has-post-thumbnail","6":"product_cat-outdoor-and-rugged","7":"product_tag-location-tracking","8":"product_tag-motion","10":"first","11":"instock","12":"shipping-taxable","13":"product-type-simple"},"yoast_head":"<!-- This site is optimized with the Yoast SEO plugin v27.2 - https:\/\/yoast.com\/product\/yoast-seo-wordpress\/ -->\n<title>IOTSU\u00ae Rugged GPS - Small Data Garden<\/title>\n<meta name=\"robots\" content=\"index, follow, max-snippet:-1, max-image-preview:large, max-video-preview:-1\" \/>\n<link rel=\"canonical\" href=\"https:\/\/smalldatagarden.com\/fi\/tuote\/iotsu-sigfox-gps\/\" \/>\n<meta property=\"og:locale\" content=\"fi_FI\" \/>\n<meta property=\"og:type\" content=\"article\" \/>\n<meta property=\"og:title\" content=\"IOTSU\u00ae Rugged GPS - Small Data Garden\" \/>\n<meta property=\"og:description\" content=\"Smart &amp; Energy-Efficient GPS Tracking for Any Application  The IOTSU\u00ae Rugged GPS is a wireless GPS tracker with motion-based location updates, designed for efficient and reliable tracking of vehicles, and other assets. Using accelerometer-based motion sensing, the device transmits its location when moving and enters a low-power state when stationary, ensuring long battery life.  Whether you&#039;re monitoring assets in remote areas, managing fleet logistics, or securing valuable equipment, this device delivers real-time location data.\" \/>\n<meta property=\"og:url\" content=\"https:\/\/smalldatagarden.com\/fi\/tuote\/iotsu-sigfox-gps\/\" \/>\n<meta property=\"og:site_name\" content=\"Small Data Garden\" \/>\n<meta property=\"article:modified_time\" content=\"2025-11-25T09:33:52+00:00\" \/>\n<meta property=\"og:image\" content=\"https:\/\/smalldatagarden.com\/wp-content\/uploads\/2025\/04\/20211116_121435_2000x2000.jpg\" \/>\n\t<meta property=\"og:image:width\" content=\"2000\" \/>\n\t<meta property=\"og:image:height\" content=\"2000\" \/>\n\t<meta property=\"og:image:type\" content=\"image\/jpeg\" \/>\n<meta name=\"twitter:card\" content=\"summary_large_image\" \/>\n<meta name=\"twitter:label1\" content=\"Arvioitu lukuaika\" \/>\n\t<meta name=\"twitter:data1\" content=\"1 minuutti\" \/>\n<script type=\"application\/ld+json\" class=\"yoast-schema-graph\">{\"@context\":\"https:\/\/schema.org\",\"@graph\":[{\"@type\":\"WebPage\",\"@id\":\"https:\/\/smalldatagarden.com\/product\/iotsu-sigfox-gps\/\",\"url\":\"https:\/\/smalldatagarden.com\/product\/iotsu-sigfox-gps\/\",\"name\":\"IOTSU\u00ae Rugged GPS - Small Data Garden\",\"isPartOf\":{\"@id\":\"https:\/\/smalldatagarden.com\/#website\"},\"primaryImageOfPage\":{\"@id\":\"https:\/\/smalldatagarden.com\/product\/iotsu-sigfox-gps\/#primaryimage\"},\"image\":{\"@id\":\"https:\/\/smalldatagarden.com\/product\/iotsu-sigfox-gps\/#primaryimage\"},\"thumbnailUrl\":\"https:\/\/smalldatagarden.com\/wp-content\/uploads\/2025\/04\/20211116_121435_2000x2000.jpg\",\"datePublished\":\"2025-04-23T08:04:33+00:00\",\"dateModified\":\"2025-11-25T09:33:52+00:00\",\"breadcrumb\":{\"@id\":\"https:\/\/smalldatagarden.com\/product\/iotsu-sigfox-gps\/#breadcrumb\"},\"inLanguage\":\"fi\",\"potentialAction\":[{\"@type\":\"ReadAction\",\"target\":[\"https:\/\/smalldatagarden.com\/product\/iotsu-sigfox-gps\/\"]}]},{\"@type\":\"ImageObject\",\"inLanguage\":\"fi\",\"@id\":\"https:\/\/smalldatagarden.com\/product\/iotsu-sigfox-gps\/#primaryimage\",\"url\":\"https:\/\/smalldatagarden.com\/wp-content\/uploads\/2025\/04\/20211116_121435_2000x2000.jpg\",\"contentUrl\":\"https:\/\/smalldatagarden.com\/wp-content\/uploads\/2025\/04\/20211116_121435_2000x2000.jpg\",\"width\":2000,\"height\":2000},{\"@type\":\"BreadcrumbList\",\"@id\":\"https:\/\/smalldatagarden.com\/product\/iotsu-sigfox-gps\/#breadcrumb\",\"itemListElement\":[{\"@type\":\"ListItem\",\"position\":1,\"name\":\"Home\",\"item\":\"https:\/\/smalldatagarden.com\/fi\/\"},{\"@type\":\"ListItem\",\"position\":2,\"name\":\"Products\",\"item\":\"https:\/\/smalldatagarden.com\/shop\/\"},{\"@type\":\"ListItem\",\"position\":3,\"name\":\"IOTSU\u00ae Rugged GPS\"}]},{\"@type\":\"WebSite\",\"@id\":\"https:\/\/smalldatagarden.com\/#website\",\"url\":\"https:\/\/smalldatagarden.com\/\",\"name\":\"Small Data Garden\",\"description\":\"\",\"publisher\":{\"@id\":\"https:\/\/smalldatagarden.com\/#organization\"},\"potentialAction\":[{\"@type\":\"SearchAction\",\"target\":{\"@type\":\"EntryPoint\",\"urlTemplate\":\"https:\/\/smalldatagarden.com\/?s={search_term_string}\"},\"query-input\":{\"@type\":\"PropertyValueSpecification\",\"valueRequired\":true,\"valueName\":\"search_term_string\"}}],\"inLanguage\":\"fi\"},{\"@type\":\"Organization\",\"@id\":\"https:\/\/smalldatagarden.com\/#organization\",\"name\":\"Small Data Garden\",\"url\":\"https:\/\/smalldatagarden.com\/\",\"logo\":{\"@type\":\"ImageObject\",\"inLanguage\":\"fi\",\"@id\":\"https:\/\/smalldatagarden.com\/#\/schema\/logo\/image\/\",\"url\":\"https:\/\/smalldatagarden.com\/wp-content\/uploads\/2025\/02\/sdg_logo.png\",\"contentUrl\":\"https:\/\/smalldatagarden.com\/wp-content\/uploads\/2025\/02\/sdg_logo.png\",\"width\":500,\"height\":500,\"caption\":\"Small Data Garden\"},\"image\":{\"@id\":\"https:\/\/smalldatagarden.com\/#\/schema\/logo\/image\/\"},\"sameAs\":[\"https:\/\/www.linkedin.com\/company\/11354060\/\"]}]}<\/script>\n<!-- \/ Yoast SEO plugin. -->","yoast_head_json":{"title":"IOTSU\u00ae Rugged GPS - Small Data Garden","robots":{"index":"index","follow":"follow","max-snippet":"max-snippet:-1","max-image-preview":"max-image-preview:large","max-video-preview":"max-video-preview:-1"},"canonical":"https:\/\/smalldatagarden.com\/fi\/tuote\/iotsu-sigfox-gps\/","og_locale":"fi_FI","og_type":"article","og_title":"IOTSU\u00ae Rugged GPS - Small Data Garden","og_description":"Smart &amp; Energy-Efficient GPS Tracking for Any Application  The IOTSU\u00ae Rugged GPS is a wireless GPS tracker with motion-based location updates, designed for efficient and reliable tracking of vehicles, and other assets. Using accelerometer-based motion sensing, the device transmits its location when moving and enters a low-power state when stationary, ensuring long battery life.  Whether you're monitoring assets in remote areas, managing fleet logistics, or securing valuable equipment, this device delivers real-time location data.","og_url":"https:\/\/smalldatagarden.com\/fi\/tuote\/iotsu-sigfox-gps\/","og_site_name":"Small Data Garden","article_modified_time":"2025-11-25T09:33:52+00:00","og_image":[{"width":2000,"height":2000,"url":"https:\/\/smalldatagarden.com\/wp-content\/uploads\/2025\/04\/20211116_121435_2000x2000.jpg","type":"image\/jpeg"}],"twitter_card":"summary_large_image","twitter_misc":{"Arvioitu lukuaika":"1 minuutti"},"schema":{"@context":"https:\/\/schema.org","@graph":[{"@type":"WebPage","@id":"https:\/\/smalldatagarden.com\/product\/iotsu-sigfox-gps\/","url":"https:\/\/smalldatagarden.com\/product\/iotsu-sigfox-gps\/","name":"IOTSU\u00ae Rugged GPS - Small Data Garden","isPartOf":{"@id":"https:\/\/smalldatagarden.com\/#website"},"primaryImageOfPage":{"@id":"https:\/\/smalldatagarden.com\/product\/iotsu-sigfox-gps\/#primaryimage"},"image":{"@id":"https:\/\/smalldatagarden.com\/product\/iotsu-sigfox-gps\/#primaryimage"},"thumbnailUrl":"https:\/\/smalldatagarden.com\/wp-content\/uploads\/2025\/04\/20211116_121435_2000x2000.jpg","datePublished":"2025-04-23T08:04:33+00:00","dateModified":"2025-11-25T09:33:52+00:00","breadcrumb":{"@id":"https:\/\/smalldatagarden.com\/product\/iotsu-sigfox-gps\/#breadcrumb"},"inLanguage":"fi","potentialAction":[{"@type":"ReadAction","target":["https:\/\/smalldatagarden.com\/product\/iotsu-sigfox-gps\/"]}]},{"@type":"ImageObject","inLanguage":"fi","@id":"https:\/\/smalldatagarden.com\/product\/iotsu-sigfox-gps\/#primaryimage","url":"https:\/\/smalldatagarden.com\/wp-content\/uploads\/2025\/04\/20211116_121435_2000x2000.jpg","contentUrl":"https:\/\/smalldatagarden.com\/wp-content\/uploads\/2025\/04\/20211116_121435_2000x2000.jpg","width":2000,"height":2000},{"@type":"BreadcrumbList","@id":"https:\/\/smalldatagarden.com\/product\/iotsu-sigfox-gps\/#breadcrumb","itemListElement":[{"@type":"ListItem","position":1,"name":"Home","item":"https:\/\/smalldatagarden.com\/fi\/"},{"@type":"ListItem","position":2,"name":"Products","item":"https:\/\/smalldatagarden.com\/shop\/"},{"@type":"ListItem","position":3,"name":"IOTSU\u00ae Rugged GPS"}]},{"@type":"WebSite","@id":"https:\/\/smalldatagarden.com\/#website","url":"https:\/\/smalldatagarden.com\/","name":"Small Data Garden","description":"","publisher":{"@id":"https:\/\/smalldatagarden.com\/#organization"},"potentialAction":[{"@type":"SearchAction","target":{"@type":"EntryPoint","urlTemplate":"https:\/\/smalldatagarden.com\/?s={search_term_string}"},"query-input":{"@type":"PropertyValueSpecification","valueRequired":true,"valueName":"search_term_string"}}],"inLanguage":"fi"},{"@type":"Organization","@id":"https:\/\/smalldatagarden.com\/#organization","name":"Small Data Garden","url":"https:\/\/smalldatagarden.com\/","logo":{"@type":"ImageObject","inLanguage":"fi","@id":"https:\/\/smalldatagarden.com\/#\/schema\/logo\/image\/","url":"https:\/\/smalldatagarden.com\/wp-content\/uploads\/2025\/02\/sdg_logo.png","contentUrl":"https:\/\/smalldatagarden.com\/wp-content\/uploads\/2025\/02\/sdg_logo.png","width":500,"height":500,"caption":"Small Data Garden"},"image":{"@id":"https:\/\/smalldatagarden.com\/#\/schema\/logo\/image\/"},"sameAs":["https:\/\/www.linkedin.com\/company\/11354060\/"]}]}},"_links":{"self":[{"href":"https:\/\/smalldatagarden.com\/fi\/wp-json\/wp\/v2\/product\/42097","targetHints":{"allow":["GET"]}}],"collection":[{"href":"https:\/\/smalldatagarden.com\/fi\/wp-json\/wp\/v2\/product"}],"about":[{"href":"https:\/\/smalldatagarden.com\/fi\/wp-json\/wp\/v2\/types\/product"}],"wp:featuredmedia":[{"embeddable":true,"href":"https:\/\/smalldatagarden.com\/fi\/wp-json\/wp\/v2\/media\/42423"}],"wp:attachment":[{"href":"https:\/\/smalldatagarden.com\/fi\/wp-json\/wp\/v2\/media?parent=42097"}],"wp:term":[{"taxonomy":"product_brand","embeddable":true,"href":"https:\/\/smalldatagarden.com\/fi\/wp-json\/wp\/v2\/product_brand?post=42097"},{"taxonomy":"product_cat","embeddable":true,"href":"https:\/\/smalldatagarden.com\/fi\/wp-json\/wp\/v2\/product_cat?post=42097"},{"taxonomy":"product_tag","embeddable":true,"href":"https:\/\/smalldatagarden.com\/fi\/wp-json\/wp\/v2\/product_tag?post=42097"}],"curies":[{"name":"wp","href":"https:\/\/api.w.org\/{rel}","templated":true}]}}