{"id":41801,"date":"2025-04-11T08:23:37","date_gmt":"2025-04-11T08:23:37","guid":{"rendered":"https:\/\/smalldatagarden.com\/?post_type=product&#038;p=41801"},"modified":"2025-05-26T11:12:14","modified_gmt":"2025-05-26T11:12:14","slug":"iotsu-rh-probe","status":"publish","type":"product","link":"https:\/\/smalldatagarden.com\/fi\/tuote\/iotsu-rh-probe\/","title":{"rendered":"IOTSU\u00ae rH Probe"},"content":{"rendered":"<div class=\"wp-block-group has-global-padding is-layout-constrained wp-block-group-is-layout-constrained\">\n<h3 class=\"wp-block-heading\">Miksi valita IOTSU\u00ae?<\/h3>\n<p>Havaitsetpa rakennusten rakenteissa piilev\u00e4\u00e4 kosteutta, valvot vaikeap\u00e4\u00e4syisten alueiden olosuhteita tai varmistat optimaalisen ilmastointij\u00e4rjestelm\u00e4n toiminnan, IOTSU\u00ae rH Probe tarjoaa tarkat l\u00e4mp\u00f6tila- ja kosteustiedot ulkoisella anturilla, langattomalla yhteydell\u00e4 ja pitk\u00e4ll\u00e4 akunkestolla \u2013 kaikki kompaktissa, huoltovapaassa ratkaisussa.<\/p>\n<\/div>\n<p>&nbsp;<\/p>\n<div class=\"wp-block-group has-primary-background-color has-background has-global-padding is-layout-constrained wp-container-core-group-is-layout-19e250f3 wp-block-group-is-layout-constrained\" style=\"border-radius: 15px;\">\n<div class=\"wp-block-group has-global-padding is-layout-constrained wp-block-group-is-layout-constrained\">\n<h3 class=\"wp-block-heading\" style=\"color: #ffffff;\">T\u00e4rkeimm\u00e4t edut<\/h3>\n<\/div>\n<div class=\"wp-block-columns is-layout-flex wp-container-core-columns-is-layout-78a2afae wp-block-columns-is-layout-flex\" style=\"margin-top: var(--wp--preset--spacing--superbspacing-small); margin-bottom: var(--wp--preset--spacing--superbspacing-small);\">\n<div class=\"wp-block-column is-layout-flow wp-block-column-is-layout-flow\" style=\"flex-basis: 50%;\">\n<div class=\"wp-block-group has-global-padding is-layout-constrained wp-container-core-group-is-layout-19e250f3 wp-block-group-is-layout-constrained\">\n<p class=\"has-contrast-light-color has-text-color has-link-color wp-elements-250ddf0aff0cae82f0e51088d928e2db\"><b>Ulkoinen anturi t\u00e4sm\u00e4lliseen seurantaan<\/b><br \/>\nMittaa l\u00e4mp\u00f6tilan ja kosteuden seinien, ilmanvaihtokanavien ja vaikeap\u00e4\u00e4syisten tilojen sis\u00e4ll\u00e4.<\/p>\n<\/div>\n<\/div>\n<div class=\"wp-block-column is-layout-flow wp-container-core-column-is-layout-8a368f38 wp-block-column-is-layout-flow\" style=\"flex-basis: 50%;\">\n<p class=\"has-contrast-light-color has-text-color has-link-color wp-elements-250ddf0aff0cae82f0e51088d928e2db\"><b>Ihanteellinen \u00e4lykk\u00e4isiin rakennus- ja ilmanvaihtosovelluksiin<\/b><br \/>\nTarjoaa t\u00e4rke\u00e4\u00e4 tietoa energiatehokkaaseen ilmastointiin ja huoltosuunnitteluun.<\/p>\n<\/div>\n<\/div>\n<div class=\"wp-block-columns is-layout-flex wp-container-core-columns-is-layout-28f84493 wp-block-columns-is-layout-flex\">\n<div class=\"wp-block-column is-layout-flow wp-container-core-column-is-layout-8a368f38 wp-block-column-is-layout-flow\" style=\"flex-basis: 50%;\">\n<div class=\"wp-block-group has-global-padding is-layout-constrained wp-container-core-group-is-layout-19e250f3 wp-block-group-is-layout-constrained\">\n<p class=\"has-contrast-light-color has-text-color has-link-color wp-elements-250ddf0aff0cae82f0e51088d928e2db\"><b>Ongelmien varhainen havaitseminen<\/b><br \/>\nAuttaa ehk\u00e4isem\u00e4\u00e4n rakenteellisia ongelmia tunnistamalla piilev\u00e4t riskit.<\/p>\n<\/div>\n<\/div>\n<div class=\"wp-block-column is-layout-flow wp-container-core-column-is-layout-8a368f38 wp-block-column-is-layout-flow\" style=\"flex-basis: 50%;\">\n<p class=\"has-contrast-light-color has-text-color has-link-color wp-elements-250ddf0aff0cae82f0e51088d928e2db\"><b>Kansainv\u00e4liset yhteydet<\/b><br \/>\nK\u00e4ytt\u00e4\u00e4 NB-IoT tai LoRaWAN\u00ae verkkoja saumattomaan tiedonv\u00e4litykseen.<\/p>\n<\/div>\n<\/div>\n<\/div>\n<p>&nbsp;<\/p>\n<p><strong>Mittasuhteet<\/strong>: 63 x 114 x 30 mm<br \/>\n<strong>External sensor dimensions<\/strong>: Kaapelin pituus ~1.5 m, kiinnitysreik\u00e4 min 12 mm<br \/>\n<strong>Paino<\/strong>: 215g with battery<br \/>\n<strong>Anturit<\/strong>: External temperature &amp; humidity<br \/>\n<strong>L\u00e4hetysv\u00e4li<\/strong>: 2 tuntia (s\u00e4\u00e4dett\u00e4viss\u00e4)<br \/>\n<strong>Mittausv\u00e4li<\/strong>: L\u00e4hetysv\u00e4li \/4<br \/>\n<strong>Paristo<\/strong>: Koko C, 3.6 V,  k\u00e4ytt\u00f6ik\u00e4 oletusasetuksilla 5 vuotta, vaihdettavissa<br \/>\n<strong>IoT-yhteysratkaisut<\/strong>: LoRaWAN\u00ae<br \/>\n<strong>K\u00e4ytt\u00f6olosuhteet<\/strong>: 0\u00b0C - +50\u00b0C, RH \u226485% (ei-kondensoiva)<br \/>\n<strong>Tyypillinen tarkkuus<\/strong>: L\u00e4mp\u00f6tila: \u00b10.2\u00b0C, Kosteus: \u00b12%<br \/>\n<strong>Sertifikaatit<\/strong>: CE<br \/>\n<strong>Kiinnitys<\/strong>: Ruuvit, Kaksipuolinen teippi<\/p>\n<p>&nbsp;<\/p>\n<p><strong>Dokumentit<\/strong>:<\/p>\n<p><a href=\"https:\/\/smalldatagarden.com\/wp-content\/uploads\/2025\/04\/IOTSU_L3_ETH03_Datasheet_v1-6.pdf\">Lataa datasheet (LoRaWAN)<\/a><\/p>","protected":false},"excerpt":{"rendered":"<p><strong>L\u00e4mp\u00f6tilan ja kosteuden seuranta vaikeasti saavutettavissa kohteissa<\/strong><\/p>\n<p>IOTSU\u00ae rH Probe on langaton l\u00e4mp\u00f6tila- ja kosteusanturi ulkoisella mittap\u00e4\u00e4ll\u00e4. Se on suunniteltu seuraamaan olosuhteita rakennusten rakenteiden sis\u00e4ll\u00e4, ilmanvaihtoj\u00e4rjestelmiss\u00e4 ja muissa vaikeap\u00e4\u00e4syisiss\u00e4 paikoissa.<\/p>\n<p>Mittaamalla rakenteiden sis\u00e4isi\u00e4 tiloja IOTSU\u00ae rH Probe tarjoaa t\u00e4rke\u00e4\u00e4 tietoa olosuhdeseurantaan, rakenteiden kunnon seurantaan ja ilmanvaihtoj\u00e4rjestelmien optimointiin, mik\u00e4 auttaa v\u00e4hent\u00e4m\u00e4\u00e4n liiallisen kosteuden tai l\u00e4mp\u00f6tilan vaihteluiden aiheuttamia riskej\u00e4.<\/p>","protected":false},"featured_media":42435,"template":"","meta":[],"product_brand":[],"product_cat":[20,18],"product_tag":[21,61,22],"class_list":{"0":"post-41801","1":"product","2":"type-product","3":"status-publish","4":"has-post-thumbnail","6":"product_cat-indoor-air-quality","7":"product_cat-uncategorized","8":"product_tag-humidity","9":"product_tag-probe","10":"product_tag-temperature","12":"first","13":"instock","14":"shipping-taxable","15":"product-type-simple"},"yoast_head":"<!-- This site is optimized with the Yoast SEO plugin v27.2 - https:\/\/yoast.com\/product\/yoast-seo-wordpress\/ -->\n<title>IOTSU\u00ae rH Probe - Small Data Garden<\/title>\n<meta name=\"robots\" content=\"index, follow, max-snippet:-1, max-image-preview:large, max-video-preview:-1\" \/>\n<link rel=\"canonical\" href=\"https:\/\/smalldatagarden.com\/fi\/tuote\/iotsu-rh-probe\/\" \/>\n<meta property=\"og:locale\" content=\"fi_FI\" \/>\n<meta property=\"og:type\" content=\"article\" \/>\n<meta property=\"og:title\" content=\"IOTSU\u00ae rH Probe - Small Data Garden\" \/>\n<meta property=\"og:description\" content=\"Temperature &amp; Humidity Monitoring for Hard-to-Reach Areas  The IOTSU\u00ae rH Probe is a wireless temperature and humidity sensor with an external probe, designed to monitor conditions inside building structures, ventilation systems, and other hard-to-reach areas.  By measuring hidden or enclosed spaces, the IOTSU\u00ae rH Probe provides critical insights for condition management, structural health monitoring, and HVAC optimisation\u2014helping reduce risks caused by excessive humidity or temperature fluctuations.\" \/>\n<meta property=\"og:url\" content=\"https:\/\/smalldatagarden.com\/fi\/tuote\/iotsu-rh-probe\/\" \/>\n<meta property=\"og:site_name\" content=\"Small Data Garden\" \/>\n<meta property=\"article:modified_time\" content=\"2025-05-26T11:12:14+00:00\" \/>\n<meta property=\"og:image\" content=\"https:\/\/smalldatagarden.com\/wp-content\/uploads\/2025\/04\/1.-IOTSU-L3-ETH03-Front.jpg\" \/>\n\t<meta property=\"og:image:width\" content=\"2000\" \/>\n\t<meta property=\"og:image:height\" content=\"2000\" \/>\n\t<meta property=\"og:image:type\" content=\"image\/jpeg\" \/>\n<meta name=\"twitter:card\" content=\"summary_large_image\" \/>\n<meta name=\"twitter:label1\" content=\"Arvioitu lukuaika\" \/>\n\t<meta name=\"twitter:data1\" content=\"1 minuutti\" \/>\n<script type=\"application\/ld+json\" class=\"yoast-schema-graph\">{\"@context\":\"https:\/\/schema.org\",\"@graph\":[{\"@type\":\"WebPage\",\"@id\":\"https:\/\/smalldatagarden.com\/product\/iotsu-rh-probe\/\",\"url\":\"https:\/\/smalldatagarden.com\/product\/iotsu-rh-probe\/\",\"name\":\"IOTSU\u00ae rH Probe - Small Data Garden\",\"isPartOf\":{\"@id\":\"https:\/\/smalldatagarden.com\/#website\"},\"primaryImageOfPage\":{\"@id\":\"https:\/\/smalldatagarden.com\/product\/iotsu-rh-probe\/#primaryimage\"},\"image\":{\"@id\":\"https:\/\/smalldatagarden.com\/product\/iotsu-rh-probe\/#primaryimage\"},\"thumbnailUrl\":\"https:\/\/smalldatagarden.com\/wp-content\/uploads\/2025\/04\/1.-IOTSU-L3-ETH03-Front.jpg\",\"datePublished\":\"2025-04-11T08:23:37+00:00\",\"dateModified\":\"2025-05-26T11:12:14+00:00\",\"breadcrumb\":{\"@id\":\"https:\/\/smalldatagarden.com\/product\/iotsu-rh-probe\/#breadcrumb\"},\"inLanguage\":\"fi\",\"potentialAction\":[{\"@type\":\"ReadAction\",\"target\":[\"https:\/\/smalldatagarden.com\/product\/iotsu-rh-probe\/\"]}]},{\"@type\":\"ImageObject\",\"inLanguage\":\"fi\",\"@id\":\"https:\/\/smalldatagarden.com\/product\/iotsu-rh-probe\/#primaryimage\",\"url\":\"https:\/\/smalldatagarden.com\/wp-content\/uploads\/2025\/04\/1.-IOTSU-L3-ETH03-Front.jpg\",\"contentUrl\":\"https:\/\/smalldatagarden.com\/wp-content\/uploads\/2025\/04\/1.-IOTSU-L3-ETH03-Front.jpg\",\"width\":2000,\"height\":2000},{\"@type\":\"BreadcrumbList\",\"@id\":\"https:\/\/smalldatagarden.com\/product\/iotsu-rh-probe\/#breadcrumb\",\"itemListElement\":[{\"@type\":\"ListItem\",\"position\":1,\"name\":\"Home\",\"item\":\"https:\/\/smalldatagarden.com\/fi\/\"},{\"@type\":\"ListItem\",\"position\":2,\"name\":\"Products\",\"item\":\"https:\/\/smalldatagarden.com\/shop\/\"},{\"@type\":\"ListItem\",\"position\":3,\"name\":\"IOTSU\u00ae rH Probe\"}]},{\"@type\":\"WebSite\",\"@id\":\"https:\/\/smalldatagarden.com\/#website\",\"url\":\"https:\/\/smalldatagarden.com\/\",\"name\":\"Small Data Garden\",\"description\":\"\",\"publisher\":{\"@id\":\"https:\/\/smalldatagarden.com\/#organization\"},\"potentialAction\":[{\"@type\":\"SearchAction\",\"target\":{\"@type\":\"EntryPoint\",\"urlTemplate\":\"https:\/\/smalldatagarden.com\/?s={search_term_string}\"},\"query-input\":{\"@type\":\"PropertyValueSpecification\",\"valueRequired\":true,\"valueName\":\"search_term_string\"}}],\"inLanguage\":\"fi\"},{\"@type\":\"Organization\",\"@id\":\"https:\/\/smalldatagarden.com\/#organization\",\"name\":\"Small Data Garden\",\"url\":\"https:\/\/smalldatagarden.com\/\",\"logo\":{\"@type\":\"ImageObject\",\"inLanguage\":\"fi\",\"@id\":\"https:\/\/smalldatagarden.com\/#\/schema\/logo\/image\/\",\"url\":\"https:\/\/smalldatagarden.com\/wp-content\/uploads\/2025\/02\/sdg_logo.png\",\"contentUrl\":\"https:\/\/smalldatagarden.com\/wp-content\/uploads\/2025\/02\/sdg_logo.png\",\"width\":500,\"height\":500,\"caption\":\"Small Data Garden\"},\"image\":{\"@id\":\"https:\/\/smalldatagarden.com\/#\/schema\/logo\/image\/\"},\"sameAs\":[\"https:\/\/www.linkedin.com\/company\/11354060\/\"]}]}<\/script>\n<!-- \/ Yoast SEO plugin. -->","yoast_head_json":{"title":"IOTSU\u00ae rH Probe - Small Data Garden","robots":{"index":"index","follow":"follow","max-snippet":"max-snippet:-1","max-image-preview":"max-image-preview:large","max-video-preview":"max-video-preview:-1"},"canonical":"https:\/\/smalldatagarden.com\/fi\/tuote\/iotsu-rh-probe\/","og_locale":"fi_FI","og_type":"article","og_title":"IOTSU\u00ae rH Probe - Small Data Garden","og_description":"Temperature &amp; Humidity Monitoring for Hard-to-Reach Areas  The IOTSU\u00ae rH Probe is a wireless temperature and humidity sensor with an external probe, designed to monitor conditions inside building structures, ventilation systems, and other hard-to-reach areas.  By measuring hidden or enclosed spaces, the IOTSU\u00ae rH Probe provides critical insights for condition management, structural health monitoring, and HVAC optimisation\u2014helping reduce risks caused by excessive humidity or temperature fluctuations.","og_url":"https:\/\/smalldatagarden.com\/fi\/tuote\/iotsu-rh-probe\/","og_site_name":"Small Data Garden","article_modified_time":"2025-05-26T11:12:14+00:00","og_image":[{"width":2000,"height":2000,"url":"https:\/\/smalldatagarden.com\/wp-content\/uploads\/2025\/04\/1.-IOTSU-L3-ETH03-Front.jpg","type":"image\/jpeg"}],"twitter_card":"summary_large_image","twitter_misc":{"Arvioitu lukuaika":"1 minuutti"},"schema":{"@context":"https:\/\/schema.org","@graph":[{"@type":"WebPage","@id":"https:\/\/smalldatagarden.com\/product\/iotsu-rh-probe\/","url":"https:\/\/smalldatagarden.com\/product\/iotsu-rh-probe\/","name":"IOTSU\u00ae rH Probe - Small Data Garden","isPartOf":{"@id":"https:\/\/smalldatagarden.com\/#website"},"primaryImageOfPage":{"@id":"https:\/\/smalldatagarden.com\/product\/iotsu-rh-probe\/#primaryimage"},"image":{"@id":"https:\/\/smalldatagarden.com\/product\/iotsu-rh-probe\/#primaryimage"},"thumbnailUrl":"https:\/\/smalldatagarden.com\/wp-content\/uploads\/2025\/04\/1.-IOTSU-L3-ETH03-Front.jpg","datePublished":"2025-04-11T08:23:37+00:00","dateModified":"2025-05-26T11:12:14+00:00","breadcrumb":{"@id":"https:\/\/smalldatagarden.com\/product\/iotsu-rh-probe\/#breadcrumb"},"inLanguage":"fi","potentialAction":[{"@type":"ReadAction","target":["https:\/\/smalldatagarden.com\/product\/iotsu-rh-probe\/"]}]},{"@type":"ImageObject","inLanguage":"fi","@id":"https:\/\/smalldatagarden.com\/product\/iotsu-rh-probe\/#primaryimage","url":"https:\/\/smalldatagarden.com\/wp-content\/uploads\/2025\/04\/1.-IOTSU-L3-ETH03-Front.jpg","contentUrl":"https:\/\/smalldatagarden.com\/wp-content\/uploads\/2025\/04\/1.-IOTSU-L3-ETH03-Front.jpg","width":2000,"height":2000},{"@type":"BreadcrumbList","@id":"https:\/\/smalldatagarden.com\/product\/iotsu-rh-probe\/#breadcrumb","itemListElement":[{"@type":"ListItem","position":1,"name":"Home","item":"https:\/\/smalldatagarden.com\/fi\/"},{"@type":"ListItem","position":2,"name":"Products","item":"https:\/\/smalldatagarden.com\/shop\/"},{"@type":"ListItem","position":3,"name":"IOTSU\u00ae rH Probe"}]},{"@type":"WebSite","@id":"https:\/\/smalldatagarden.com\/#website","url":"https:\/\/smalldatagarden.com\/","name":"Small Data Garden","description":"","publisher":{"@id":"https:\/\/smalldatagarden.com\/#organization"},"potentialAction":[{"@type":"SearchAction","target":{"@type":"EntryPoint","urlTemplate":"https:\/\/smalldatagarden.com\/?s={search_term_string}"},"query-input":{"@type":"PropertyValueSpecification","valueRequired":true,"valueName":"search_term_string"}}],"inLanguage":"fi"},{"@type":"Organization","@id":"https:\/\/smalldatagarden.com\/#organization","name":"Small Data Garden","url":"https:\/\/smalldatagarden.com\/","logo":{"@type":"ImageObject","inLanguage":"fi","@id":"https:\/\/smalldatagarden.com\/#\/schema\/logo\/image\/","url":"https:\/\/smalldatagarden.com\/wp-content\/uploads\/2025\/02\/sdg_logo.png","contentUrl":"https:\/\/smalldatagarden.com\/wp-content\/uploads\/2025\/02\/sdg_logo.png","width":500,"height":500,"caption":"Small Data Garden"},"image":{"@id":"https:\/\/smalldatagarden.com\/#\/schema\/logo\/image\/"},"sameAs":["https:\/\/www.linkedin.com\/company\/11354060\/"]}]}},"_links":{"self":[{"href":"https:\/\/smalldatagarden.com\/fi\/wp-json\/wp\/v2\/product\/41801","targetHints":{"allow":["GET"]}}],"collection":[{"href":"https:\/\/smalldatagarden.com\/fi\/wp-json\/wp\/v2\/product"}],"about":[{"href":"https:\/\/smalldatagarden.com\/fi\/wp-json\/wp\/v2\/types\/product"}],"wp:featuredmedia":[{"embeddable":true,"href":"https:\/\/smalldatagarden.com\/fi\/wp-json\/wp\/v2\/media\/42435"}],"wp:attachment":[{"href":"https:\/\/smalldatagarden.com\/fi\/wp-json\/wp\/v2\/media?parent=41801"}],"wp:term":[{"taxonomy":"product_brand","embeddable":true,"href":"https:\/\/smalldatagarden.com\/fi\/wp-json\/wp\/v2\/product_brand?post=41801"},{"taxonomy":"product_cat","embeddable":true,"href":"https:\/\/smalldatagarden.com\/fi\/wp-json\/wp\/v2\/product_cat?post=41801"},{"taxonomy":"product_tag","embeddable":true,"href":"https:\/\/smalldatagarden.com\/fi\/wp-json\/wp\/v2\/product_tag?post=41801"}],"curies":[{"name":"wp","href":"https:\/\/api.w.org\/{rel}","templated":true}]}}