{"id":41795,"date":"2025-04-11T08:21:21","date_gmt":"2025-04-11T08:21:21","guid":{"rendered":"https:\/\/smalldatagarden.com\/?post_type=product&#038;p=41795"},"modified":"2025-05-26T11:05:15","modified_gmt":"2025-05-26T11:05:15","slug":"iotsu-co2-e-ink","status":"publish","type":"product","link":"https:\/\/smalldatagarden.com\/fi\/tuote\/iotsu-co2-e-ink\/","title":{"rendered":"IOTSU\u00ae CO2 E Ink"},"content":{"rendered":"<div class=\"wp-block-group has-global-padding is-layout-constrained wp-block-group-is-layout-constrained\">\n<h3 class=\"wp-block-heading\">Miksi valita IOTSU\u00ae?<\/h3>\n<p>Haluatpa lis\u00e4t\u00e4 tietoisuutta sis\u00e4ilman laadusta, parantaa ty\u00f6paikan ilmanvaihtoa tai varmistaa ilmanlaatuvaatimusten noudattamisen, IOTSU\u00ae CO\u2082 E Ink tarjoaa reaaliaikaisen CO\u2082-seurannan helppolukuisella n\u00e4yt\u00f6ll\u00e4, visuaalisella liikennevalomerkill\u00e4 ja langattomalla yhteydell\u00e4 \u2013 kaikki kompaktissa, huoltovapaassa ratkaisussa.<\/p>\n<\/div>\n<p>&nbsp;<\/p>\n<div class=\"wp-block-group has-primary-background-color has-background has-global-padding is-layout-constrained wp-container-core-group-is-layout-19e250f3 wp-block-group-is-layout-constrained\" style=\"border-radius: 15px;\">\n<div class=\"wp-block-group has-global-padding is-layout-constrained wp-block-group-is-layout-constrained\">\n<h3 class=\"wp-block-heading\" style=\"color: #ffffff;\">T\u00e4rkeimm\u00e4t edut<\/h3>\n<\/div>\n<div class=\"wp-block-columns is-layout-flex wp-container-core-columns-is-layout-78a2afae wp-block-columns-is-layout-flex\" style=\"margin-top: var(--wp--preset--spacing--superbspacing-small); margin-bottom: var(--wp--preset--spacing--superbspacing-small);\">\n<div class=\"wp-block-column is-layout-flow wp-block-column-is-layout-flow\" style=\"flex-basis: 50%;\">\n<div class=\"wp-block-group has-global-padding is-layout-constrained wp-container-core-group-is-layout-19e250f3 wp-block-group-is-layout-constrained\">\n<p class=\"has-contrast-light-color has-text-color has-link-color wp-elements-250ddf0aff0cae82f0e51088d928e2db\"><b>Reaaliaikainen E Ink -n\u00e4ytt\u00f6<\/b><br \/>\nEsitt\u00e4\u00e4 CO\u2082-, l\u00e4mp\u00f6tila- ja kosteuslukemat helppolukuisessa muodossa.<\/p>\n<\/div>\n<\/div>\n<div class=\"wp-block-column is-layout-flow wp-container-core-column-is-layout-8a368f38 wp-block-column-is-layout-flow\" style=\"flex-basis: 50%;\">\n<p class=\"has-contrast-light-color has-text-color has-link-color wp-elements-250ddf0aff0cae82f0e51088d928e2db\"><b>Liikennevalot<\/b><br \/>\nN\u00e4ytt\u00e4\u00e4 CO\u2082-tasot (vihre\u00e4 = hyv\u00e4, keltainen = kohtalainen, punainen = huono) v\u00e4litt\u00f6m\u00e4sti nopeaa toimintaa varten.<\/p>\n<\/div>\n<\/div>\n<div class=\"wp-block-columns is-layout-flex wp-container-core-columns-is-layout-28f84493 wp-block-columns-is-layout-flex\">\n<div class=\"wp-block-column is-layout-flow wp-container-core-column-is-layout-8a368f38 wp-block-column-is-layout-flow\" style=\"flex-basis: 50%;\">\n<div class=\"wp-block-group has-global-padding is-layout-constrained wp-container-core-group-is-layout-19e250f3 wp-block-group-is-layout-constrained\">\n<p class=\"has-contrast-light-color has-text-color has-link-color wp-elements-250ddf0aff0cae82f0e51088d928e2db\"><b>Parantaa tietoisuutta sis\u00e4ilman laadusta<\/b><br \/>\nAuttaa asukkaita ja kiinteist\u00f6nhoitajia tekem\u00e4\u00e4n tietoon perustuvia ilmanvaihtop\u00e4\u00e4t\u00f6ksi\u00e4.<\/p>\n<\/div>\n<\/div>\n<div class=\"wp-block-column is-layout-flow wp-container-core-column-is-layout-8a368f38 wp-block-column-is-layout-flow\" style=\"flex-basis: 50%;\">\n<p class=\"has-contrast-light-color has-text-color has-link-color wp-elements-250ddf0aff0cae82f0e51088d928e2db\"><b>Kansainv\u00e4liset yhteydet<\/b><br \/>\nK\u00e4ytt\u00e4\u00e4 NB-IoT tai LoRaWAN\u00ae verkkoja saumattomaan tiedonv\u00e4litykseen.<\/p>\n<\/div>\n<\/div>\n<\/div>\n<p>&nbsp;<\/p>\n<p><strong>Mittasuhteet<\/strong>: 63 x 114 x 30 mm<br \/>\n<strong>Paino<\/strong>: 119 g (with battery)<br \/>\n<strong>Display size<\/strong>: 23,7 x 48,5 mm<br \/>\n<strong>Anturit<\/strong>: CO2, l\u00e4mp\u00f6tila, ilmankosteus<br \/>\n<strong>L\u00e4hetysv\u00e4li<\/strong>: 2 tuntia (s\u00e4\u00e4dett\u00e4viss\u00e4)<br \/>\n<strong>Mittausv\u00e4li<\/strong>: L\u00e4hetysv\u00e4li \/4<br \/>\n<strong>Paristo<\/strong>: Koko C, 3.6 V, vaihdettavissa<br \/>\n<strong>IoT-yhteysratkaisut<\/strong>: LoRaWAN\u00ae<br \/>\n<strong>K\u00e4ytt\u00f6olosuhteet<\/strong>: 0\u00b0C - +50\u00b0C, RH \u226485% (ei-kondensoiva)<br \/>\n<strong>Tyypillinen tarkkuus<\/strong>: L\u00e4mp\u00f6tila: \u00b10.2\u00b0C, Ilmankosteus: \u00b12%, CO2: \u00b130 ppm \u00b13 % lukemasta<br \/>\n<strong>Sertifikaatit<\/strong>: CE<br \/>\n<strong>Kiinnitys<\/strong>: Ruuvit, Kaksipuolinen teippi<\/p>\n<p>&nbsp;<\/p>\n<p><strong>Dokumentit:<\/strong><\/p>\n<p><a href=\"https:\/\/smalldatagarden.com\/wp-content\/uploads\/2025\/04\/IOTSU_L3_AQ05_EPD01_Datasheet_v1-8.pdf\">Lataa datasheet (LoRaWAN)<\/a><\/p>","protected":false},"excerpt":{"rendered":"<p><strong>Reaaliaikainen CO\u2082-seuranta E Ink -n\u00e4yt\u00f6ll\u00e4 ja liikennevaloilla<\/strong><\/p>\n<p>IOTSU\u00ae CO\u2082 E Ink on edistyksellinen langaton CO\u2082-seurantalaite, jossa on E Ink -n\u00e4ytt\u00f6, joka n\u00e4ytt\u00e4\u00e4 reaaliaikaiset sis\u00e4ilman laatutiedot yhdell\u00e4 silm\u00e4yksell\u00e4. L\u00e4mp\u00f6tilan, kosteuden ja CO\u2082-mittauksen lis\u00e4ksi laitteessa on sis\u00e4\u00e4nrakennettu liikennevaloj\u00e4rjestelm\u00e4, joka antaa v\u00e4lit\u00f6nt\u00e4 palautetta ilmanlaadusta.<\/p>\n<p>T\u00e4m\u00e4 laite on ihanteellinen toimistoihin, kouluihin ja julkisiin tiloihin, sill\u00e4 se auttaa parantamaan ilmanvaihdon hallintaa ja sis\u00e4ilman laadun tietoisuutta sek\u00e4 tukee terveellisempi\u00e4 ymp\u00e4rist\u00f6j\u00e4.<\/p>","protected":false},"featured_media":41914,"template":"","meta":[],"product_brand":[],"product_cat":[80],"product_tag":[36,77,21,22,78],"class_list":{"0":"post-41795","1":"product","2":"type-product","3":"status-publish","4":"has-post-thumbnail","6":"product_cat-e-ink-devices","7":"product_tag-co2","8":"product_tag-display","9":"product_tag-humidity","10":"product_tag-temperature","11":"product_tag-traffic-lights","13":"first","14":"instock","15":"shipping-taxable","16":"product-type-simple"},"yoast_head":"<!-- This site is optimized with the Yoast SEO plugin v27.2 - https:\/\/yoast.com\/product\/yoast-seo-wordpress\/ -->\n<title>IOTSU\u00ae CO2 E Ink - Small Data Garden<\/title>\n<meta name=\"robots\" content=\"index, follow, max-snippet:-1, max-image-preview:large, max-video-preview:-1\" \/>\n<link rel=\"canonical\" href=\"https:\/\/smalldatagarden.com\/fi\/tuote\/iotsu-co2-e-ink\/\" \/>\n<meta property=\"og:locale\" content=\"fi_FI\" \/>\n<meta property=\"og:type\" content=\"article\" \/>\n<meta property=\"og:title\" content=\"IOTSU\u00ae CO2 E Ink - Small Data Garden\" \/>\n<meta property=\"og:description\" content=\"Real-Time CO\u2082 Monitoring with E Ink Display &amp; Traffic Light Indicator  The IOTSU\u00ae CO\u2082 E Ink is an advanced wireless CO\u2082 monitoring device featuring an E Ink display that provides real-time indoor air quality data at a glance. In addition to temperature, humidity, and CO\u2082 sensing, it includes a built-in traffic light system for instant air quality feedback.  Ideal for offices, schools, and public spaces, this device helps improve ventilation management and indoor air quality awareness, supporting a healthier environment.\" \/>\n<meta property=\"og:url\" content=\"https:\/\/smalldatagarden.com\/fi\/tuote\/iotsu-co2-e-ink\/\" \/>\n<meta property=\"og:site_name\" content=\"Small Data Garden\" \/>\n<meta property=\"article:modified_time\" content=\"2025-05-26T11:05:15+00:00\" \/>\n<meta property=\"og:image\" content=\"https:\/\/smalldatagarden.com\/wp-content\/uploads\/2025\/04\/1.-IOTSU-L3-EPD-Front.jpg\" \/>\n\t<meta property=\"og:image:width\" content=\"2000\" \/>\n\t<meta property=\"og:image:height\" content=\"2000\" \/>\n\t<meta property=\"og:image:type\" content=\"image\/jpeg\" \/>\n<meta name=\"twitter:card\" content=\"summary_large_image\" \/>\n<meta name=\"twitter:label1\" content=\"Arvioitu lukuaika\" \/>\n\t<meta name=\"twitter:data1\" content=\"1 minuutti\" \/>\n<script type=\"application\/ld+json\" class=\"yoast-schema-graph\">{\"@context\":\"https:\/\/schema.org\",\"@graph\":[{\"@type\":\"WebPage\",\"@id\":\"https:\/\/smalldatagarden.com\/product\/iotsu-co2-e-ink\/\",\"url\":\"https:\/\/smalldatagarden.com\/product\/iotsu-co2-e-ink\/\",\"name\":\"IOTSU\u00ae CO2 E Ink - Small Data Garden\",\"isPartOf\":{\"@id\":\"https:\/\/smalldatagarden.com\/#website\"},\"primaryImageOfPage\":{\"@id\":\"https:\/\/smalldatagarden.com\/product\/iotsu-co2-e-ink\/#primaryimage\"},\"image\":{\"@id\":\"https:\/\/smalldatagarden.com\/product\/iotsu-co2-e-ink\/#primaryimage\"},\"thumbnailUrl\":\"https:\/\/smalldatagarden.com\/wp-content\/uploads\/2025\/04\/1.-IOTSU-L3-EPD-Front.jpg\",\"datePublished\":\"2025-04-11T08:21:21+00:00\",\"dateModified\":\"2025-05-26T11:05:15+00:00\",\"breadcrumb\":{\"@id\":\"https:\/\/smalldatagarden.com\/product\/iotsu-co2-e-ink\/#breadcrumb\"},\"inLanguage\":\"fi\",\"potentialAction\":[{\"@type\":\"ReadAction\",\"target\":[\"https:\/\/smalldatagarden.com\/product\/iotsu-co2-e-ink\/\"]}]},{\"@type\":\"ImageObject\",\"inLanguage\":\"fi\",\"@id\":\"https:\/\/smalldatagarden.com\/product\/iotsu-co2-e-ink\/#primaryimage\",\"url\":\"https:\/\/smalldatagarden.com\/wp-content\/uploads\/2025\/04\/1.-IOTSU-L3-EPD-Front.jpg\",\"contentUrl\":\"https:\/\/smalldatagarden.com\/wp-content\/uploads\/2025\/04\/1.-IOTSU-L3-EPD-Front.jpg\",\"width\":2000,\"height\":2000},{\"@type\":\"BreadcrumbList\",\"@id\":\"https:\/\/smalldatagarden.com\/product\/iotsu-co2-e-ink\/#breadcrumb\",\"itemListElement\":[{\"@type\":\"ListItem\",\"position\":1,\"name\":\"Home\",\"item\":\"https:\/\/smalldatagarden.com\/fi\/\"},{\"@type\":\"ListItem\",\"position\":2,\"name\":\"Products\",\"item\":\"https:\/\/smalldatagarden.com\/shop\/\"},{\"@type\":\"ListItem\",\"position\":3,\"name\":\"IOTSU\u00ae CO2 E Ink\"}]},{\"@type\":\"WebSite\",\"@id\":\"https:\/\/smalldatagarden.com\/#website\",\"url\":\"https:\/\/smalldatagarden.com\/\",\"name\":\"Small Data Garden\",\"description\":\"\",\"publisher\":{\"@id\":\"https:\/\/smalldatagarden.com\/#organization\"},\"potentialAction\":[{\"@type\":\"SearchAction\",\"target\":{\"@type\":\"EntryPoint\",\"urlTemplate\":\"https:\/\/smalldatagarden.com\/?s={search_term_string}\"},\"query-input\":{\"@type\":\"PropertyValueSpecification\",\"valueRequired\":true,\"valueName\":\"search_term_string\"}}],\"inLanguage\":\"fi\"},{\"@type\":\"Organization\",\"@id\":\"https:\/\/smalldatagarden.com\/#organization\",\"name\":\"Small Data Garden\",\"url\":\"https:\/\/smalldatagarden.com\/\",\"logo\":{\"@type\":\"ImageObject\",\"inLanguage\":\"fi\",\"@id\":\"https:\/\/smalldatagarden.com\/#\/schema\/logo\/image\/\",\"url\":\"https:\/\/smalldatagarden.com\/wp-content\/uploads\/2025\/02\/sdg_logo.png\",\"contentUrl\":\"https:\/\/smalldatagarden.com\/wp-content\/uploads\/2025\/02\/sdg_logo.png\",\"width\":500,\"height\":500,\"caption\":\"Small Data Garden\"},\"image\":{\"@id\":\"https:\/\/smalldatagarden.com\/#\/schema\/logo\/image\/\"},\"sameAs\":[\"https:\/\/www.linkedin.com\/company\/11354060\/\"]}]}<\/script>\n<!-- \/ Yoast SEO plugin. -->","yoast_head_json":{"title":"IOTSU\u00ae CO2 E Ink - Small Data Garden","robots":{"index":"index","follow":"follow","max-snippet":"max-snippet:-1","max-image-preview":"max-image-preview:large","max-video-preview":"max-video-preview:-1"},"canonical":"https:\/\/smalldatagarden.com\/fi\/tuote\/iotsu-co2-e-ink\/","og_locale":"fi_FI","og_type":"article","og_title":"IOTSU\u00ae CO2 E Ink - Small Data Garden","og_description":"Real-Time CO\u2082 Monitoring with E Ink Display &amp; Traffic Light Indicator  The IOTSU\u00ae CO\u2082 E Ink is an advanced wireless CO\u2082 monitoring device featuring an E Ink display that provides real-time indoor air quality data at a glance. In addition to temperature, humidity, and CO\u2082 sensing, it includes a built-in traffic light system for instant air quality feedback.  Ideal for offices, schools, and public spaces, this device helps improve ventilation management and indoor air quality awareness, supporting a healthier environment.","og_url":"https:\/\/smalldatagarden.com\/fi\/tuote\/iotsu-co2-e-ink\/","og_site_name":"Small Data Garden","article_modified_time":"2025-05-26T11:05:15+00:00","og_image":[{"width":2000,"height":2000,"url":"https:\/\/smalldatagarden.com\/wp-content\/uploads\/2025\/04\/1.-IOTSU-L3-EPD-Front.jpg","type":"image\/jpeg"}],"twitter_card":"summary_large_image","twitter_misc":{"Arvioitu lukuaika":"1 minuutti"},"schema":{"@context":"https:\/\/schema.org","@graph":[{"@type":"WebPage","@id":"https:\/\/smalldatagarden.com\/product\/iotsu-co2-e-ink\/","url":"https:\/\/smalldatagarden.com\/product\/iotsu-co2-e-ink\/","name":"IOTSU\u00ae CO2 E Ink - Small Data Garden","isPartOf":{"@id":"https:\/\/smalldatagarden.com\/#website"},"primaryImageOfPage":{"@id":"https:\/\/smalldatagarden.com\/product\/iotsu-co2-e-ink\/#primaryimage"},"image":{"@id":"https:\/\/smalldatagarden.com\/product\/iotsu-co2-e-ink\/#primaryimage"},"thumbnailUrl":"https:\/\/smalldatagarden.com\/wp-content\/uploads\/2025\/04\/1.-IOTSU-L3-EPD-Front.jpg","datePublished":"2025-04-11T08:21:21+00:00","dateModified":"2025-05-26T11:05:15+00:00","breadcrumb":{"@id":"https:\/\/smalldatagarden.com\/product\/iotsu-co2-e-ink\/#breadcrumb"},"inLanguage":"fi","potentialAction":[{"@type":"ReadAction","target":["https:\/\/smalldatagarden.com\/product\/iotsu-co2-e-ink\/"]}]},{"@type":"ImageObject","inLanguage":"fi","@id":"https:\/\/smalldatagarden.com\/product\/iotsu-co2-e-ink\/#primaryimage","url":"https:\/\/smalldatagarden.com\/wp-content\/uploads\/2025\/04\/1.-IOTSU-L3-EPD-Front.jpg","contentUrl":"https:\/\/smalldatagarden.com\/wp-content\/uploads\/2025\/04\/1.-IOTSU-L3-EPD-Front.jpg","width":2000,"height":2000},{"@type":"BreadcrumbList","@id":"https:\/\/smalldatagarden.com\/product\/iotsu-co2-e-ink\/#breadcrumb","itemListElement":[{"@type":"ListItem","position":1,"name":"Home","item":"https:\/\/smalldatagarden.com\/fi\/"},{"@type":"ListItem","position":2,"name":"Products","item":"https:\/\/smalldatagarden.com\/shop\/"},{"@type":"ListItem","position":3,"name":"IOTSU\u00ae CO2 E Ink"}]},{"@type":"WebSite","@id":"https:\/\/smalldatagarden.com\/#website","url":"https:\/\/smalldatagarden.com\/","name":"Small Data Garden","description":"","publisher":{"@id":"https:\/\/smalldatagarden.com\/#organization"},"potentialAction":[{"@type":"SearchAction","target":{"@type":"EntryPoint","urlTemplate":"https:\/\/smalldatagarden.com\/?s={search_term_string}"},"query-input":{"@type":"PropertyValueSpecification","valueRequired":true,"valueName":"search_term_string"}}],"inLanguage":"fi"},{"@type":"Organization","@id":"https:\/\/smalldatagarden.com\/#organization","name":"Small Data Garden","url":"https:\/\/smalldatagarden.com\/","logo":{"@type":"ImageObject","inLanguage":"fi","@id":"https:\/\/smalldatagarden.com\/#\/schema\/logo\/image\/","url":"https:\/\/smalldatagarden.com\/wp-content\/uploads\/2025\/02\/sdg_logo.png","contentUrl":"https:\/\/smalldatagarden.com\/wp-content\/uploads\/2025\/02\/sdg_logo.png","width":500,"height":500,"caption":"Small Data Garden"},"image":{"@id":"https:\/\/smalldatagarden.com\/#\/schema\/logo\/image\/"},"sameAs":["https:\/\/www.linkedin.com\/company\/11354060\/"]}]}},"_links":{"self":[{"href":"https:\/\/smalldatagarden.com\/fi\/wp-json\/wp\/v2\/product\/41795","targetHints":{"allow":["GET"]}}],"collection":[{"href":"https:\/\/smalldatagarden.com\/fi\/wp-json\/wp\/v2\/product"}],"about":[{"href":"https:\/\/smalldatagarden.com\/fi\/wp-json\/wp\/v2\/types\/product"}],"wp:featuredmedia":[{"embeddable":true,"href":"https:\/\/smalldatagarden.com\/fi\/wp-json\/wp\/v2\/media\/41914"}],"wp:attachment":[{"href":"https:\/\/smalldatagarden.com\/fi\/wp-json\/wp\/v2\/media?parent=41795"}],"wp:term":[{"taxonomy":"product_brand","embeddable":true,"href":"https:\/\/smalldatagarden.com\/fi\/wp-json\/wp\/v2\/product_brand?post=41795"},{"taxonomy":"product_cat","embeddable":true,"href":"https:\/\/smalldatagarden.com\/fi\/wp-json\/wp\/v2\/product_cat?post=41795"},{"taxonomy":"product_tag","embeddable":true,"href":"https:\/\/smalldatagarden.com\/fi\/wp-json\/wp\/v2\/product_tag?post=41795"}],"curies":[{"name":"wp","href":"https:\/\/api.w.org\/{rel}","templated":true}]}}