{"id":41778,"date":"2025-04-11T08:11:23","date_gmt":"2025-04-11T08:11:23","guid":{"rendered":"https:\/\/smalldatagarden.com\/?post_type=product&#038;p=41778"},"modified":"2026-02-17T09:00:33","modified_gmt":"2026-02-17T09:00:33","slug":"iotsu-aq09-combo","status":"publish","type":"product","link":"https:\/\/smalldatagarden.com\/fi\/tuote\/iotsu-aq09-combo\/","title":{"rendered":"IOTSU\u00ae AQ09 Combo"},"content":{"rendered":"<div class=\"wp-block-group has-global-padding is-layout-constrained wp-block-group-is-layout-constrained\">\n<h3 class=\"wp-block-heading\">Miksi valita IOTSU\u00ae?<\/h3>\n<p>T\u00e4m\u00e4 \u00e4lykk\u00e4isiin rakennuksiin ja kest\u00e4v\u00e4\u00e4n kehitykseen keskittyviin projekteihin suunniteltu laite tukee maailmanlaajuisesti tunnustettujen standardien, kuten WELL, LEED ja BREEAM, noudattamista.<\/p>\n<p>RESET-sertifioidulla IOTSU\u00ae AQ09 Combo -laitteella t\u00e4ytet\u00e4\u00e4n jatkuvan ilmanlaadun seurannan korkeimmat alan standardit, mik\u00e4 takaa tarkat reaaliaikaiset tiedot optimoitua ilmanvaihtoa, terveellisempi\u00e4 sis\u00e4ymp\u00e4rist\u00f6j\u00e4 ja parempaa asukkaiden hyvinvointia varten.<\/p>\n<\/div>\n<p>&nbsp;<\/p>\n<div class=\"wp-block-group has-primary-background-color has-background has-global-padding is-layout-constrained wp-container-core-group-is-layout-19e250f3 wp-block-group-is-layout-constrained\" style=\"border-radius: 15px;\">\n<div class=\"wp-block-group has-global-padding is-layout-constrained wp-block-group-is-layout-constrained\">\n<h3 class=\"wp-block-heading\" style=\"color: #ffffff;\">T\u00e4rkeimm\u00e4t edut<\/h3>\n<\/div>\n<div class=\"wp-block-columns is-layout-flex wp-container-core-columns-is-layout-78a2afae wp-block-columns-is-layout-flex\" style=\"margin-top: var(--wp--preset--spacing--superbspacing-small); margin-bottom: var(--wp--preset--spacing--superbspacing-small);\">\n<div class=\"wp-block-column is-layout-flow wp-block-column-is-layout-flow\" style=\"flex-basis: 50%;\">\n<div class=\"wp-block-group has-global-padding is-layout-constrained wp-container-core-group-is-layout-19e250f3 wp-block-group-is-layout-constrained\">\n<p class=\"has-contrast-light-color has-text-color has-link-color wp-elements-250ddf0aff0cae82f0e51088d928e2db\"><b>Kattava ilmanlaadun seuranta<\/b><br \/>\nMittaa l\u00e4mp\u00f6tilaa, kosteutta, CO\u2082, tVOC:t\u00e4 ja hiukkasia (PM1, PM2,5, PM10) sis\u00e4ilman olosuhteiden kokonaisvaltaista arviointia varten.<\/p>\n<\/div>\n<\/div>\n<div class=\"wp-block-column is-layout-flow wp-container-core-column-is-layout-8a368f38 wp-block-column-is-layout-flow\" style=\"flex-basis: 50%;\">\n<p class=\"has-contrast-light-color has-text-color has-link-color wp-elements-250ddf0aff0cae82f0e51088d928e2db\"><b>Tukee vihre\u00e4n rakentamisen sertifiointia<\/b><br \/>\nMahdollistaa WELL-, LEED- ja BREEAM-standardien noudattamisen ja auttaa rakennusten omistajia saavuttamaan kest\u00e4v\u00e4n kehityksen tavoitteet.<\/p>\n<\/div>\n<\/div>\n<div class=\"wp-block-columns is-layout-flex wp-container-core-columns-is-layout-28f84493 wp-block-columns-is-layout-flex\">\n<div class=\"wp-block-column is-layout-flow wp-container-core-column-is-layout-8a368f38 wp-block-column-is-layout-flow\" style=\"flex-basis: 50%;\">\n<div class=\"wp-block-group has-global-padding is-layout-constrained wp-container-core-group-is-layout-19e250f3 wp-block-group-is-layout-constrained\">\n<p class=\"has-contrast-light-color has-text-color has-link-color wp-elements-250ddf0aff0cae82f0e51088d928e2db\"><b>Terveys ja hyvinvointi <\/b><br \/>\nHelps reduce exposure to pollutants, improving occupant comfort and productivity.<\/p>\n<\/div>\n<\/div>\n<div class=\"wp-block-column is-layout-flow wp-container-core-column-is-layout-8a368f38 wp-block-column-is-layout-flow\" style=\"flex-basis: 50%;\">\n<p class=\"has-contrast-light-color has-text-color has-link-color wp-elements-250ddf0aff0cae82f0e51088d928e2db\"><b>Kansainv\u00e4liset yhteydet<\/b><br \/>\nK\u00e4ytt\u00e4\u00e4 NB-IoT tai LoRaWAN\u00ae verkkoja saumattomaan tiedonv\u00e4litykseen.<\/p>\n<\/div>\n<\/div>\n<\/div>\n<p>&nbsp;<\/p>\n<p><strong>Mittasuhteet<\/strong>: 124 x 120 x 40 mm<br \/>\n<strong>Paino<\/strong>: 445 g (pariston kanssa)<br \/>\n<strong>Anturit<\/strong>: Partikkelit, CO2, tVOC, L\u00e4mp\u00f6tila, Ilmankosteus<br \/>\n<strong>L\u00e4hetysv\u00e4li<\/strong>: 1 tunti (s\u00e4\u00e4dett\u00e4viss\u00e4)<br \/>\n<strong>Mittausv\u00e4li<\/strong>: L\u00e4hetysv\u00e4li \/ 2 (s\u00e4\u00e4dett\u00e4viss\u00e4)<br \/>\n<strong>Paristo<\/strong>: 2 x Koko D, 3.6 V, k\u00e4ytt\u00f6ik\u00e4 oletusasetuksilla 5 vuotta, vaihdettavissa<br \/>\n<strong>IoT-yhteysratkaisut<\/strong>: LoRaWAN\u00ae<br \/>\n<strong>K\u00e4ytt\u00f6olosuhteet<\/strong>: 0\u00b0C - +50\u00b0C, RH \u226485% (ei-kondensoiva)<br \/>\n<strong>Tyypillinen tarkkuus<\/strong>: L\u00e4mp\u00f6tila: \u00b10.2 \u00b0C, Ilmankosteus: \u00b12 %, CO2: \u00b130 ppm \u00b13 % lukemasta, tVOC: \u00b115 %, PM2.5: \u00b110 \u03bcg\/m3, PM10: \u00b125 \u03bcg\/m3<br \/>\n<strong>Sertifikaatit<\/strong>: CE<br \/>\n<strong>Kiinnitys<\/strong>: Ruuvit, Kaksipuolinen teippi<\/p>\n<p>&nbsp;<\/p>\n<p><strong>Dokumentit:<\/strong><\/p>\n<p><a href=\"https:\/\/smalldatagarden.com\/wp-content\/uploads\/2025\/04\/IOTSU_L7_AQ09_Datasheet_v1-2.pdf\">Lataa datasheet (LoRaWAN)<\/a><\/p>","protected":false},"excerpt":{"rendered":"<p><strong>Ensiluokkainen ilmanlaadun seuranta terveellisempi\u00e4 ja kest\u00e4v\u00e4mpi\u00e4 rakennuksia varten<\/strong><\/p>\n<p>Vie sis\u00e4ilman laadun seuranta uudelle tasolle IOTSU\u00ae AQ09 Combo -laitteella \u2013 tarkalla langattomalla anturilla, joka on suunniteltu auttamaan rakennusten omistajia, kiinteist\u00f6p\u00e4\u00e4llik\u00f6it\u00e4 ja kest\u00e4v\u00e4n kehityksen ammattilaisia saavuttamaan erinomaisen sis\u00e4ilman laadun ja energiatehokkuuden.<\/p>\n<p>L\u00e4mp\u00f6tilan, kosteuden, CO\u2082-pitoisuuden ja tVOC-pitoisuuden mittaamisen lis\u00e4ksi AQ09 Combo mittaa my\u00f6s hiukkasia (PM1, PM2,5, PM10), mik\u00e4 tarjoaa kattavan kuvan ilmassa olevista ep\u00e4puhtauksista.<\/p>","protected":false},"featured_media":41929,"template":"","meta":[],"product_brand":[],"product_cat":[20],"product_tag":[36,21,50,22,51],"class_list":{"0":"post-41778","1":"product","2":"type-product","3":"status-publish","4":"has-post-thumbnail","6":"product_cat-indoor-air-quality","7":"product_tag-co2","8":"product_tag-humidity","9":"product_tag-particulate-matter","10":"product_tag-temperature","11":"product_tag-tvoc","13":"first","14":"instock","15":"shipping-taxable","16":"product-type-simple"},"yoast_head":"<!-- This site is optimized with the Yoast SEO plugin v27.2 - https:\/\/yoast.com\/product\/yoast-seo-wordpress\/ -->\n<title>IOTSU\u00ae AQ09 Combo - Small Data Garden<\/title>\n<meta name=\"robots\" content=\"index, follow, max-snippet:-1, max-image-preview:large, max-video-preview:-1\" \/>\n<link rel=\"canonical\" href=\"https:\/\/smalldatagarden.com\/fi\/tuote\/iotsu-aq09-combo\/\" \/>\n<meta property=\"og:locale\" content=\"fi_FI\" \/>\n<meta property=\"og:type\" content=\"article\" \/>\n<meta property=\"og:title\" content=\"IOTSU\u00ae AQ09 Combo - Small Data Garden\" \/>\n<meta property=\"og:description\" content=\"Premium Air Quality Monitoring for Healthier and Sustainable Buildings  Take indoor air quality monitoring to the next level with IOTSU\u00ae AQ09 Combo\u2014a high-precision wireless sensor designed to help building owners, facility managers, and sustainability professionals achieve superior indoor air quality and energy efficiency.  In addition to measuring temperature, humidity, CO\u2082, and tVOC, the AQ09 Combo also includes particulate matter (PM1, PM2.5, PM10) sensing, providing a comprehensive view of airborne pollutants.\" \/>\n<meta property=\"og:url\" content=\"https:\/\/smalldatagarden.com\/fi\/tuote\/iotsu-aq09-combo\/\" \/>\n<meta property=\"og:site_name\" content=\"Small Data Garden\" \/>\n<meta property=\"article:modified_time\" content=\"2026-02-17T09:00:33+00:00\" \/>\n<meta property=\"og:image\" content=\"https:\/\/smalldatagarden.com\/wp-content\/uploads\/2025\/04\/1.-IOTSU-L7-Front.jpg\" \/>\n\t<meta property=\"og:image:width\" content=\"2000\" \/>\n\t<meta property=\"og:image:height\" content=\"2000\" \/>\n\t<meta property=\"og:image:type\" content=\"image\/jpeg\" \/>\n<meta name=\"twitter:card\" content=\"summary_large_image\" \/>\n<meta name=\"twitter:label1\" content=\"Arvioitu lukuaika\" \/>\n\t<meta name=\"twitter:data1\" content=\"2 minuuttia\" \/>\n<script type=\"application\/ld+json\" class=\"yoast-schema-graph\">{\"@context\":\"https:\/\/schema.org\",\"@graph\":[{\"@type\":\"WebPage\",\"@id\":\"https:\/\/smalldatagarden.com\/product\/iotsu-aq09-combo\/\",\"url\":\"https:\/\/smalldatagarden.com\/product\/iotsu-aq09-combo\/\",\"name\":\"IOTSU\u00ae AQ09 Combo - Small Data Garden\",\"isPartOf\":{\"@id\":\"https:\/\/smalldatagarden.com\/#website\"},\"primaryImageOfPage\":{\"@id\":\"https:\/\/smalldatagarden.com\/product\/iotsu-aq09-combo\/#primaryimage\"},\"image\":{\"@id\":\"https:\/\/smalldatagarden.com\/product\/iotsu-aq09-combo\/#primaryimage\"},\"thumbnailUrl\":\"https:\/\/smalldatagarden.com\/wp-content\/uploads\/2025\/04\/1.-IOTSU-L7-Front.jpg\",\"datePublished\":\"2025-04-11T08:11:23+00:00\",\"dateModified\":\"2026-02-17T09:00:33+00:00\",\"breadcrumb\":{\"@id\":\"https:\/\/smalldatagarden.com\/product\/iotsu-aq09-combo\/#breadcrumb\"},\"inLanguage\":\"fi\",\"potentialAction\":[{\"@type\":\"ReadAction\",\"target\":[\"https:\/\/smalldatagarden.com\/product\/iotsu-aq09-combo\/\"]}]},{\"@type\":\"ImageObject\",\"inLanguage\":\"fi\",\"@id\":\"https:\/\/smalldatagarden.com\/product\/iotsu-aq09-combo\/#primaryimage\",\"url\":\"https:\/\/smalldatagarden.com\/wp-content\/uploads\/2025\/04\/1.-IOTSU-L7-Front.jpg\",\"contentUrl\":\"https:\/\/smalldatagarden.com\/wp-content\/uploads\/2025\/04\/1.-IOTSU-L7-Front.jpg\",\"width\":2000,\"height\":2000},{\"@type\":\"BreadcrumbList\",\"@id\":\"https:\/\/smalldatagarden.com\/product\/iotsu-aq09-combo\/#breadcrumb\",\"itemListElement\":[{\"@type\":\"ListItem\",\"position\":1,\"name\":\"Home\",\"item\":\"https:\/\/smalldatagarden.com\/fi\/\"},{\"@type\":\"ListItem\",\"position\":2,\"name\":\"Products\",\"item\":\"https:\/\/smalldatagarden.com\/shop\/\"},{\"@type\":\"ListItem\",\"position\":3,\"name\":\"IOTSU\u00ae AQ09 Combo\"}]},{\"@type\":\"WebSite\",\"@id\":\"https:\/\/smalldatagarden.com\/#website\",\"url\":\"https:\/\/smalldatagarden.com\/\",\"name\":\"Small Data Garden\",\"description\":\"\",\"publisher\":{\"@id\":\"https:\/\/smalldatagarden.com\/#organization\"},\"potentialAction\":[{\"@type\":\"SearchAction\",\"target\":{\"@type\":\"EntryPoint\",\"urlTemplate\":\"https:\/\/smalldatagarden.com\/?s={search_term_string}\"},\"query-input\":{\"@type\":\"PropertyValueSpecification\",\"valueRequired\":true,\"valueName\":\"search_term_string\"}}],\"inLanguage\":\"fi\"},{\"@type\":\"Organization\",\"@id\":\"https:\/\/smalldatagarden.com\/#organization\",\"name\":\"Small Data Garden\",\"url\":\"https:\/\/smalldatagarden.com\/\",\"logo\":{\"@type\":\"ImageObject\",\"inLanguage\":\"fi\",\"@id\":\"https:\/\/smalldatagarden.com\/#\/schema\/logo\/image\/\",\"url\":\"https:\/\/smalldatagarden.com\/wp-content\/uploads\/2025\/02\/sdg_logo.png\",\"contentUrl\":\"https:\/\/smalldatagarden.com\/wp-content\/uploads\/2025\/02\/sdg_logo.png\",\"width\":500,\"height\":500,\"caption\":\"Small Data Garden\"},\"image\":{\"@id\":\"https:\/\/smalldatagarden.com\/#\/schema\/logo\/image\/\"},\"sameAs\":[\"https:\/\/www.linkedin.com\/company\/11354060\/\"]}]}<\/script>\n<!-- \/ Yoast SEO plugin. -->","yoast_head_json":{"title":"IOTSU\u00ae AQ09 Combo - Small Data Garden","robots":{"index":"index","follow":"follow","max-snippet":"max-snippet:-1","max-image-preview":"max-image-preview:large","max-video-preview":"max-video-preview:-1"},"canonical":"https:\/\/smalldatagarden.com\/fi\/tuote\/iotsu-aq09-combo\/","og_locale":"fi_FI","og_type":"article","og_title":"IOTSU\u00ae AQ09 Combo - Small Data Garden","og_description":"Premium Air Quality Monitoring for Healthier and Sustainable Buildings  Take indoor air quality monitoring to the next level with IOTSU\u00ae AQ09 Combo\u2014a high-precision wireless sensor designed to help building owners, facility managers, and sustainability professionals achieve superior indoor air quality and energy efficiency.  In addition to measuring temperature, humidity, CO\u2082, and tVOC, the AQ09 Combo also includes particulate matter (PM1, PM2.5, PM10) sensing, providing a comprehensive view of airborne pollutants.","og_url":"https:\/\/smalldatagarden.com\/fi\/tuote\/iotsu-aq09-combo\/","og_site_name":"Small Data Garden","article_modified_time":"2026-02-17T09:00:33+00:00","og_image":[{"width":2000,"height":2000,"url":"https:\/\/smalldatagarden.com\/wp-content\/uploads\/2025\/04\/1.-IOTSU-L7-Front.jpg","type":"image\/jpeg"}],"twitter_card":"summary_large_image","twitter_misc":{"Arvioitu lukuaika":"2 minuuttia"},"schema":{"@context":"https:\/\/schema.org","@graph":[{"@type":"WebPage","@id":"https:\/\/smalldatagarden.com\/product\/iotsu-aq09-combo\/","url":"https:\/\/smalldatagarden.com\/product\/iotsu-aq09-combo\/","name":"IOTSU\u00ae AQ09 Combo - Small Data Garden","isPartOf":{"@id":"https:\/\/smalldatagarden.com\/#website"},"primaryImageOfPage":{"@id":"https:\/\/smalldatagarden.com\/product\/iotsu-aq09-combo\/#primaryimage"},"image":{"@id":"https:\/\/smalldatagarden.com\/product\/iotsu-aq09-combo\/#primaryimage"},"thumbnailUrl":"https:\/\/smalldatagarden.com\/wp-content\/uploads\/2025\/04\/1.-IOTSU-L7-Front.jpg","datePublished":"2025-04-11T08:11:23+00:00","dateModified":"2026-02-17T09:00:33+00:00","breadcrumb":{"@id":"https:\/\/smalldatagarden.com\/product\/iotsu-aq09-combo\/#breadcrumb"},"inLanguage":"fi","potentialAction":[{"@type":"ReadAction","target":["https:\/\/smalldatagarden.com\/product\/iotsu-aq09-combo\/"]}]},{"@type":"ImageObject","inLanguage":"fi","@id":"https:\/\/smalldatagarden.com\/product\/iotsu-aq09-combo\/#primaryimage","url":"https:\/\/smalldatagarden.com\/wp-content\/uploads\/2025\/04\/1.-IOTSU-L7-Front.jpg","contentUrl":"https:\/\/smalldatagarden.com\/wp-content\/uploads\/2025\/04\/1.-IOTSU-L7-Front.jpg","width":2000,"height":2000},{"@type":"BreadcrumbList","@id":"https:\/\/smalldatagarden.com\/product\/iotsu-aq09-combo\/#breadcrumb","itemListElement":[{"@type":"ListItem","position":1,"name":"Home","item":"https:\/\/smalldatagarden.com\/fi\/"},{"@type":"ListItem","position":2,"name":"Products","item":"https:\/\/smalldatagarden.com\/shop\/"},{"@type":"ListItem","position":3,"name":"IOTSU\u00ae AQ09 Combo"}]},{"@type":"WebSite","@id":"https:\/\/smalldatagarden.com\/#website","url":"https:\/\/smalldatagarden.com\/","name":"Small Data Garden","description":"","publisher":{"@id":"https:\/\/smalldatagarden.com\/#organization"},"potentialAction":[{"@type":"SearchAction","target":{"@type":"EntryPoint","urlTemplate":"https:\/\/smalldatagarden.com\/?s={search_term_string}"},"query-input":{"@type":"PropertyValueSpecification","valueRequired":true,"valueName":"search_term_string"}}],"inLanguage":"fi"},{"@type":"Organization","@id":"https:\/\/smalldatagarden.com\/#organization","name":"Small Data Garden","url":"https:\/\/smalldatagarden.com\/","logo":{"@type":"ImageObject","inLanguage":"fi","@id":"https:\/\/smalldatagarden.com\/#\/schema\/logo\/image\/","url":"https:\/\/smalldatagarden.com\/wp-content\/uploads\/2025\/02\/sdg_logo.png","contentUrl":"https:\/\/smalldatagarden.com\/wp-content\/uploads\/2025\/02\/sdg_logo.png","width":500,"height":500,"caption":"Small Data Garden"},"image":{"@id":"https:\/\/smalldatagarden.com\/#\/schema\/logo\/image\/"},"sameAs":["https:\/\/www.linkedin.com\/company\/11354060\/"]}]}},"_links":{"self":[{"href":"https:\/\/smalldatagarden.com\/fi\/wp-json\/wp\/v2\/product\/41778","targetHints":{"allow":["GET"]}}],"collection":[{"href":"https:\/\/smalldatagarden.com\/fi\/wp-json\/wp\/v2\/product"}],"about":[{"href":"https:\/\/smalldatagarden.com\/fi\/wp-json\/wp\/v2\/types\/product"}],"wp:featuredmedia":[{"embeddable":true,"href":"https:\/\/smalldatagarden.com\/fi\/wp-json\/wp\/v2\/media\/41929"}],"wp:attachment":[{"href":"https:\/\/smalldatagarden.com\/fi\/wp-json\/wp\/v2\/media?parent=41778"}],"wp:term":[{"taxonomy":"product_brand","embeddable":true,"href":"https:\/\/smalldatagarden.com\/fi\/wp-json\/wp\/v2\/product_brand?post=41778"},{"taxonomy":"product_cat","embeddable":true,"href":"https:\/\/smalldatagarden.com\/fi\/wp-json\/wp\/v2\/product_cat?post=41778"},{"taxonomy":"product_tag","embeddable":true,"href":"https:\/\/smalldatagarden.com\/fi\/wp-json\/wp\/v2\/product_tag?post=41778"}],"curies":[{"name":"wp","href":"https:\/\/api.w.org\/{rel}","templated":true}]}}