{"id":41776,"date":"2025-04-11T08:09:33","date_gmt":"2025-04-11T08:09:33","guid":{"rendered":"https:\/\/smalldatagarden.com\/?post_type=product&#038;p=41776"},"modified":"2025-05-26T11:10:36","modified_gmt":"2025-05-26T11:10:36","slug":"iotsu-aq-combo","status":"publish","type":"product","link":"https:\/\/smalldatagarden.com\/fi\/tuote\/iotsu-aq-combo\/","title":{"rendered":"IOTSU\u00ae AQ Combo"},"content":{"rendered":"<div class=\"wp-block-group has-global-padding is-layout-constrained wp-block-group-is-layout-constrained\">\n<h3 class=\"wp-block-heading\">Miksi valita IOTSU\u00ae?<\/h3>\n<p>Haluatpa parantaa ty\u00f6paikan hyvinvointia, t\u00e4ytt\u00e4\u00e4 sis\u00e4ilman laatuvaatimukset julkisissa tiloissa tai optimoida ilmanvaihtoa energians\u00e4\u00e4st\u00f6n vuoksi, IOTSU\u00ae AQ Combo tarjoaa tarkan ja jatkuvan seurannan langattomalla yhteydell\u00e4 ja pitk\u00e4ll\u00e4 akunkestolla \u2013 kaikki kompaktissa, huoltovapaassa paketissa.<\/p>\n<\/div>\n<p>&nbsp;<\/p>\n<div class=\"wp-block-group has-primary-background-color has-background has-global-padding is-layout-constrained wp-container-core-group-is-layout-19e250f3 wp-block-group-is-layout-constrained\" style=\"border-radius: 15px;\">\n<div class=\"wp-block-group has-global-padding is-layout-constrained wp-block-group-is-layout-constrained\">\n<h3 class=\"wp-block-heading\" style=\"color: #ffffff;\">T\u00e4rkeimm\u00e4t edut<\/h3>\n<\/div>\n<div class=\"wp-block-columns is-layout-flex wp-container-core-columns-is-layout-78a2afae wp-block-columns-is-layout-flex\" style=\"margin-top: var(--wp--preset--spacing--superbspacing-small); margin-bottom: var(--wp--preset--spacing--superbspacing-small);\">\n<div class=\"wp-block-column is-layout-flow wp-block-column-is-layout-flow\" style=\"flex-basis: 50%;\">\n<div class=\"wp-block-group has-global-padding is-layout-constrained wp-container-core-group-is-layout-19e250f3 wp-block-group-is-layout-constrained\">\n<p class=\"has-contrast-light-color has-text-color has-link-color wp-elements-250ddf0aff0cae82f0e51088d928e2db\"><b>Kattava ilmanlaadun seuranta<\/b><br \/>\nMittaa l\u00e4mp\u00f6tilan, kosteuden, CO\u2082-pitoisuuden ja tVOC-pitoisuuden, jotta saat kattavan kuvan sis\u00e4ilmasta.<\/p>\n<\/div>\n<\/div>\n<div class=\"wp-block-column is-layout-flow wp-container-core-column-is-layout-8a368f38 wp-block-column-is-layout-flow\" style=\"flex-basis: 50%;\">\n<p class=\"has-contrast-light-color has-text-color has-link-color wp-elements-250ddf0aff0cae82f0e51088d928e2db\"><b>Pitk\u00e4 paristonkesto<\/b><br \/>\nToimii jopa viisi vuotta vaihdettavalla C-paristolla.<\/p>\n<\/div>\n<\/div>\n<div class=\"wp-block-columns is-layout-flex wp-container-core-columns-is-layout-28f84493 wp-block-columns-is-layout-flex\">\n<div class=\"wp-block-column is-layout-flow wp-container-core-column-is-layout-8a368f38 wp-block-column-is-layout-flow\" style=\"flex-basis: 50%;\">\n<div class=\"wp-block-group has-global-padding is-layout-constrained wp-container-core-group-is-layout-19e250f3 wp-block-group-is-layout-constrained\">\n<p class=\"has-contrast-light-color has-text-color has-link-color wp-elements-250ddf0aff0cae82f0e51088d928e2db\"><b>Langaton ja huoltovapaa<\/b><br \/>\nNopea ja vaivaton asennus ilman tarvetta ulkoiselle virtal\u00e4hteelle.<\/p>\n<\/div>\n<\/div>\n<div class=\"wp-block-column is-layout-flow wp-container-core-column-is-layout-8a368f38 wp-block-column-is-layout-flow\" style=\"flex-basis: 50%;\">\n<p class=\"has-contrast-light-color has-text-color has-link-color wp-elements-250ddf0aff0cae82f0e51088d928e2db\"><b>Kansainv\u00e4liset yhteydet<\/b><br \/>\nK\u00e4ytt\u00e4\u00e4 NB-IoT tai LoRaWAN\u00ae verkkoja saumattomaan tiedonv\u00e4litykseen.<\/p>\n<\/div>\n<\/div>\n<\/div>\n<p>&nbsp;<\/p>\n<p><strong>Mittasuhteet<\/strong>: 63 x 114 x 30 mm<br \/>\n<strong>Paino<\/strong>: 117 g (pariston kanssa)<br \/>\n<strong>Anturit<\/strong>: CO2, l\u00e4mp\u00f6tila, ilmankosteus, tVOC<br \/>\n<strong>L\u00e4hetysv\u00e4li<\/strong>: 2 tuntia (s\u00e4\u00e4dett\u00e4viss\u00e4)<br \/>\n<strong>Mittausv\u00e4li<\/strong>: 30 minuuttia<br \/>\n<strong>Paristo<\/strong>: Koko C, 3.6 V, vaihdettavissa<br \/>\n<strong>IoT-yhteysratkaisut<\/strong>: LoRaWAN\u00ae<br \/>\n<strong>IP-luokka<\/strong>: IP30<br \/>\n<strong>K\u00e4ytt\u00f6olosuhteet<\/strong>: 0\u00b0C - +50\u00b0C, RH \u226485% (ei-kondensoiva)<br \/>\n<strong>Tyypillinen tarkkuus<\/strong>: L\u00e4mp\u00f6tila: \u00b10.2\u00b0C, Ilmankosteus: \u00b12%, CO2: \u00b130 ppm \u00b13 % lukemasta, tVOC: \u00b1 1 IAQ level (UBA)<br \/>\n<strong>Sertifikaatit<\/strong>: CE<br \/>\n<strong>Kiinnitys<\/strong>: Ruuvit, Kaksipuolinen teippi<\/p>\n<p>&nbsp;<\/p>\n<p><strong>Dokumentit:<\/strong><\/p>\n<p><a href=\"https:\/\/smalldatagarden.com\/wp-content\/uploads\/2025\/04\/IOTSU_L3_AQ01_ZMOD_Datasheet_v2-1.pdf\">Lataa datasheet (LoRaWAN)<\/a><\/p>","protected":false},"excerpt":{"rendered":"<p><strong>Edistyksellinen ilmanlaadun seuranta terveellisempien sis\u00e4ymp\u00e4rist\u00f6jen luomiseen<\/strong><\/p>\n<p>Varmista optimaalinen sis\u00e4ilman laatu IOTSU\u00ae AQ Combo -laitteella, joka on langaton laite t\u00e4rkeiden ymp\u00e4rist\u00f6tekij\u00f6iden tarkkaan seurantaan. L\u00e4mp\u00f6tilan ja kosteuden lis\u00e4ksi t\u00e4m\u00e4 monipuolinen laite mittaa my\u00f6s CO\u2082:ta (hiilidioksidia) ja tVOC:ta (haihtuvia orgaanisia yhdisteit\u00e4) \u2014 antaen sinulle reaaliaikaista tietoa ilmanlaadusta terveellisempien ja energiatehokkaampien tilojen luomiseksi.<\/p>\n<p>&nbsp;<\/p>","protected":false},"featured_media":41933,"template":"","meta":[],"product_brand":[],"product_cat":[20,18],"product_tag":[36,21,22,51],"class_list":{"0":"post-41776","1":"product","2":"type-product","3":"status-publish","4":"has-post-thumbnail","6":"product_cat-indoor-air-quality","7":"product_cat-uncategorized","8":"product_tag-co2","9":"product_tag-humidity","10":"product_tag-temperature","11":"product_tag-tvoc","13":"first","14":"instock","15":"shipping-taxable","16":"product-type-simple"},"yoast_head":"<!-- This site is optimized with the Yoast SEO plugin v27.2 - https:\/\/yoast.com\/product\/yoast-seo-wordpress\/ -->\n<title>IOTSU\u00ae AQ Combo - Small Data Garden<\/title>\n<meta name=\"robots\" content=\"index, follow, max-snippet:-1, max-image-preview:large, max-video-preview:-1\" \/>\n<link rel=\"canonical\" href=\"https:\/\/smalldatagarden.com\/fi\/tuote\/iotsu-aq-combo\/\" \/>\n<meta property=\"og:locale\" content=\"fi_FI\" \/>\n<meta property=\"og:type\" content=\"article\" \/>\n<meta property=\"og:title\" content=\"IOTSU\u00ae AQ Combo - Small Data Garden\" \/>\n<meta property=\"og:description\" content=\"Advanced Air Quality Monitoring for Healthier Indoor Environments  Ensure optimal indoor air quality with IOTSU\u00ae AQ Combo, a wireless device designed for precise monitoring of key environmental factors. In addition to temperature and humidity, this powerful device also measures CO\u2082 (carbon dioxide) and tVOC (total volatile organic compounds) \u2014 giving you real-time insights into air quality for healthier and more energy-efficient spaces.  &nbsp;\" \/>\n<meta property=\"og:url\" content=\"https:\/\/smalldatagarden.com\/fi\/tuote\/iotsu-aq-combo\/\" \/>\n<meta property=\"og:site_name\" content=\"Small Data Garden\" \/>\n<meta property=\"article:modified_time\" content=\"2025-05-26T11:10:36+00:00\" \/>\n<meta property=\"og:image\" content=\"https:\/\/smalldatagarden.com\/wp-content\/uploads\/2025\/04\/1.-IOTSU-L3-Front-1.jpg\" \/>\n\t<meta property=\"og:image:width\" content=\"2000\" \/>\n\t<meta property=\"og:image:height\" content=\"2000\" \/>\n\t<meta property=\"og:image:type\" content=\"image\/jpeg\" \/>\n<meta name=\"twitter:card\" content=\"summary_large_image\" \/>\n<meta name=\"twitter:label1\" content=\"Arvioitu lukuaika\" \/>\n\t<meta name=\"twitter:data1\" content=\"1 minuutti\" \/>\n<script type=\"application\/ld+json\" class=\"yoast-schema-graph\">{\"@context\":\"https:\/\/schema.org\",\"@graph\":[{\"@type\":\"WebPage\",\"@id\":\"https:\/\/smalldatagarden.com\/product\/iotsu-aq-combo\/\",\"url\":\"https:\/\/smalldatagarden.com\/product\/iotsu-aq-combo\/\",\"name\":\"IOTSU\u00ae AQ Combo - Small Data Garden\",\"isPartOf\":{\"@id\":\"https:\/\/smalldatagarden.com\/#website\"},\"primaryImageOfPage\":{\"@id\":\"https:\/\/smalldatagarden.com\/product\/iotsu-aq-combo\/#primaryimage\"},\"image\":{\"@id\":\"https:\/\/smalldatagarden.com\/product\/iotsu-aq-combo\/#primaryimage\"},\"thumbnailUrl\":\"https:\/\/smalldatagarden.com\/wp-content\/uploads\/2025\/04\/1.-IOTSU-L3-Front-1.jpg\",\"datePublished\":\"2025-04-11T08:09:33+00:00\",\"dateModified\":\"2025-05-26T11:10:36+00:00\",\"breadcrumb\":{\"@id\":\"https:\/\/smalldatagarden.com\/product\/iotsu-aq-combo\/#breadcrumb\"},\"inLanguage\":\"fi\",\"potentialAction\":[{\"@type\":\"ReadAction\",\"target\":[\"https:\/\/smalldatagarden.com\/product\/iotsu-aq-combo\/\"]}]},{\"@type\":\"ImageObject\",\"inLanguage\":\"fi\",\"@id\":\"https:\/\/smalldatagarden.com\/product\/iotsu-aq-combo\/#primaryimage\",\"url\":\"https:\/\/smalldatagarden.com\/wp-content\/uploads\/2025\/04\/1.-IOTSU-L3-Front-1.jpg\",\"contentUrl\":\"https:\/\/smalldatagarden.com\/wp-content\/uploads\/2025\/04\/1.-IOTSU-L3-Front-1.jpg\",\"width\":2000,\"height\":2000},{\"@type\":\"BreadcrumbList\",\"@id\":\"https:\/\/smalldatagarden.com\/product\/iotsu-aq-combo\/#breadcrumb\",\"itemListElement\":[{\"@type\":\"ListItem\",\"position\":1,\"name\":\"Home\",\"item\":\"https:\/\/smalldatagarden.com\/fi\/\"},{\"@type\":\"ListItem\",\"position\":2,\"name\":\"Products\",\"item\":\"https:\/\/smalldatagarden.com\/shop\/\"},{\"@type\":\"ListItem\",\"position\":3,\"name\":\"IOTSU\u00ae AQ Combo\"}]},{\"@type\":\"WebSite\",\"@id\":\"https:\/\/smalldatagarden.com\/#website\",\"url\":\"https:\/\/smalldatagarden.com\/\",\"name\":\"Small Data Garden\",\"description\":\"\",\"publisher\":{\"@id\":\"https:\/\/smalldatagarden.com\/#organization\"},\"potentialAction\":[{\"@type\":\"SearchAction\",\"target\":{\"@type\":\"EntryPoint\",\"urlTemplate\":\"https:\/\/smalldatagarden.com\/?s={search_term_string}\"},\"query-input\":{\"@type\":\"PropertyValueSpecification\",\"valueRequired\":true,\"valueName\":\"search_term_string\"}}],\"inLanguage\":\"fi\"},{\"@type\":\"Organization\",\"@id\":\"https:\/\/smalldatagarden.com\/#organization\",\"name\":\"Small Data Garden\",\"url\":\"https:\/\/smalldatagarden.com\/\",\"logo\":{\"@type\":\"ImageObject\",\"inLanguage\":\"fi\",\"@id\":\"https:\/\/smalldatagarden.com\/#\/schema\/logo\/image\/\",\"url\":\"https:\/\/smalldatagarden.com\/wp-content\/uploads\/2025\/02\/sdg_logo.png\",\"contentUrl\":\"https:\/\/smalldatagarden.com\/wp-content\/uploads\/2025\/02\/sdg_logo.png\",\"width\":500,\"height\":500,\"caption\":\"Small Data Garden\"},\"image\":{\"@id\":\"https:\/\/smalldatagarden.com\/#\/schema\/logo\/image\/\"},\"sameAs\":[\"https:\/\/www.linkedin.com\/company\/11354060\/\"]}]}<\/script>\n<!-- \/ Yoast SEO plugin. -->","yoast_head_json":{"title":"IOTSU\u00ae AQ Combo - Small Data Garden","robots":{"index":"index","follow":"follow","max-snippet":"max-snippet:-1","max-image-preview":"max-image-preview:large","max-video-preview":"max-video-preview:-1"},"canonical":"https:\/\/smalldatagarden.com\/fi\/tuote\/iotsu-aq-combo\/","og_locale":"fi_FI","og_type":"article","og_title":"IOTSU\u00ae AQ Combo - Small Data Garden","og_description":"Advanced Air Quality Monitoring for Healthier Indoor Environments  Ensure optimal indoor air quality with IOTSU\u00ae AQ Combo, a wireless device designed for precise monitoring of key environmental factors. In addition to temperature and humidity, this powerful device also measures CO\u2082 (carbon dioxide) and tVOC (total volatile organic compounds) \u2014 giving you real-time insights into air quality for healthier and more energy-efficient spaces.  &nbsp;","og_url":"https:\/\/smalldatagarden.com\/fi\/tuote\/iotsu-aq-combo\/","og_site_name":"Small Data Garden","article_modified_time":"2025-05-26T11:10:36+00:00","og_image":[{"width":2000,"height":2000,"url":"https:\/\/smalldatagarden.com\/wp-content\/uploads\/2025\/04\/1.-IOTSU-L3-Front-1.jpg","type":"image\/jpeg"}],"twitter_card":"summary_large_image","twitter_misc":{"Arvioitu lukuaika":"1 minuutti"},"schema":{"@context":"https:\/\/schema.org","@graph":[{"@type":"WebPage","@id":"https:\/\/smalldatagarden.com\/product\/iotsu-aq-combo\/","url":"https:\/\/smalldatagarden.com\/product\/iotsu-aq-combo\/","name":"IOTSU\u00ae AQ Combo - Small Data Garden","isPartOf":{"@id":"https:\/\/smalldatagarden.com\/#website"},"primaryImageOfPage":{"@id":"https:\/\/smalldatagarden.com\/product\/iotsu-aq-combo\/#primaryimage"},"image":{"@id":"https:\/\/smalldatagarden.com\/product\/iotsu-aq-combo\/#primaryimage"},"thumbnailUrl":"https:\/\/smalldatagarden.com\/wp-content\/uploads\/2025\/04\/1.-IOTSU-L3-Front-1.jpg","datePublished":"2025-04-11T08:09:33+00:00","dateModified":"2025-05-26T11:10:36+00:00","breadcrumb":{"@id":"https:\/\/smalldatagarden.com\/product\/iotsu-aq-combo\/#breadcrumb"},"inLanguage":"fi","potentialAction":[{"@type":"ReadAction","target":["https:\/\/smalldatagarden.com\/product\/iotsu-aq-combo\/"]}]},{"@type":"ImageObject","inLanguage":"fi","@id":"https:\/\/smalldatagarden.com\/product\/iotsu-aq-combo\/#primaryimage","url":"https:\/\/smalldatagarden.com\/wp-content\/uploads\/2025\/04\/1.-IOTSU-L3-Front-1.jpg","contentUrl":"https:\/\/smalldatagarden.com\/wp-content\/uploads\/2025\/04\/1.-IOTSU-L3-Front-1.jpg","width":2000,"height":2000},{"@type":"BreadcrumbList","@id":"https:\/\/smalldatagarden.com\/product\/iotsu-aq-combo\/#breadcrumb","itemListElement":[{"@type":"ListItem","position":1,"name":"Home","item":"https:\/\/smalldatagarden.com\/fi\/"},{"@type":"ListItem","position":2,"name":"Products","item":"https:\/\/smalldatagarden.com\/shop\/"},{"@type":"ListItem","position":3,"name":"IOTSU\u00ae AQ Combo"}]},{"@type":"WebSite","@id":"https:\/\/smalldatagarden.com\/#website","url":"https:\/\/smalldatagarden.com\/","name":"Small Data Garden","description":"","publisher":{"@id":"https:\/\/smalldatagarden.com\/#organization"},"potentialAction":[{"@type":"SearchAction","target":{"@type":"EntryPoint","urlTemplate":"https:\/\/smalldatagarden.com\/?s={search_term_string}"},"query-input":{"@type":"PropertyValueSpecification","valueRequired":true,"valueName":"search_term_string"}}],"inLanguage":"fi"},{"@type":"Organization","@id":"https:\/\/smalldatagarden.com\/#organization","name":"Small Data Garden","url":"https:\/\/smalldatagarden.com\/","logo":{"@type":"ImageObject","inLanguage":"fi","@id":"https:\/\/smalldatagarden.com\/#\/schema\/logo\/image\/","url":"https:\/\/smalldatagarden.com\/wp-content\/uploads\/2025\/02\/sdg_logo.png","contentUrl":"https:\/\/smalldatagarden.com\/wp-content\/uploads\/2025\/02\/sdg_logo.png","width":500,"height":500,"caption":"Small Data Garden"},"image":{"@id":"https:\/\/smalldatagarden.com\/#\/schema\/logo\/image\/"},"sameAs":["https:\/\/www.linkedin.com\/company\/11354060\/"]}]}},"_links":{"self":[{"href":"https:\/\/smalldatagarden.com\/fi\/wp-json\/wp\/v2\/product\/41776","targetHints":{"allow":["GET"]}}],"collection":[{"href":"https:\/\/smalldatagarden.com\/fi\/wp-json\/wp\/v2\/product"}],"about":[{"href":"https:\/\/smalldatagarden.com\/fi\/wp-json\/wp\/v2\/types\/product"}],"wp:featuredmedia":[{"embeddable":true,"href":"https:\/\/smalldatagarden.com\/fi\/wp-json\/wp\/v2\/media\/41933"}],"wp:attachment":[{"href":"https:\/\/smalldatagarden.com\/fi\/wp-json\/wp\/v2\/media?parent=41776"}],"wp:term":[{"taxonomy":"product_brand","embeddable":true,"href":"https:\/\/smalldatagarden.com\/fi\/wp-json\/wp\/v2\/product_brand?post=41776"},{"taxonomy":"product_cat","embeddable":true,"href":"https:\/\/smalldatagarden.com\/fi\/wp-json\/wp\/v2\/product_cat?post=41776"},{"taxonomy":"product_tag","embeddable":true,"href":"https:\/\/smalldatagarden.com\/fi\/wp-json\/wp\/v2\/product_tag?post=41776"}],"curies":[{"name":"wp","href":"https:\/\/api.w.org\/{rel}","templated":true}]}}