{"id":42232,"date":"2025-04-25T09:45:51","date_gmt":"2025-04-25T09:45:51","guid":{"rendered":"https:\/\/smalldatagarden.com\/?page_id=42232"},"modified":"2025-04-28T11:00:46","modified_gmt":"2025-04-28T11:00:46","slug":"partners","status":"publish","type":"page","link":"https:\/\/smalldatagarden.com\/fi\/partners\/","title":{"rendered":"Kumppanit"},"content":{"rendered":"<div class=\"wp-block-group has-global-padding is-layout-constrained wp-block-group-is-layout-constrained\">\n<figure class=\"wp-block-image size-full is-resized radius\" style=\"margin-top:0;margin-bottom:0\"><img loading=\"lazy\" decoding=\"async\" width=\"2560\" height=\"1000\" src=\"https:\/\/smalldatagarden.com\/wp-content\/uploads\/2025\/04\/Machinery-Equipment-scaled-2.jpg\" alt=\"\" class=\"wp-image-42235\" style=\"object-fit:cover;width:1200px;height:500px\"\/><\/figure>\n\n\n\n<h2 class=\"wp-block-heading has-text-align-center\">Kumppanit ja j\u00e4lleenmyyj\u00e4t<\/h2>\n\n\n\n<div style=\"height:45px\" aria-hidden=\"true\" class=\"wp-block-spacer\"><\/div>\n\n\n\n<p>Haluaisitko ryhty\u00e4 innovatiivisten IoT-laitteiden kumppaniksi? Ryhdy kumppaniksemme ja kasvata liiketoimintaasi ja palvelutarjontaasi IOTSU\u00ae-tuotteiden avulla.<\/p>\n\n\n\n<div style=\"height:33px\" aria-hidden=\"true\" class=\"wp-block-spacer\"><\/div>\n\n\n\n<h2 class=\"wp-block-heading\">Meist\u00e4<\/h2>\n\n\n\n<div style=\"height:33px\" aria-hidden=\"true\" class=\"wp-block-spacer\"><\/div>\n\n\n\n<div class=\"wp-block-columns is-layout-flex wp-container-core-columns-is-layout-28f84493 wp-block-columns-is-layout-flex\">\n<div class=\"wp-block-column is-layout-flow wp-block-column-is-layout-flow\">\n<p class=\"has-text-align-center\"><strong>Tavoitteemme<\/strong><\/p>\n\n\n\n<p>Autamme asiakkaitamme kanavoimaan heid\u00e4n resurssinsa tehokkaammin suunnittelemalla, kehitt\u00e4m\u00e4ll\u00e4 ja valmistamalla innovatiivisia sek\u00e4 k\u00e4yt\u00e4nn\u00f6nl\u00e4heisi\u00e4 IOTSU\u00ae-tuotteita ja palveluratkaisuja. Asiakkaamme voivat keskitty\u00e4 liiketoimintansa kasvattamiseen samalla kun IoT-ratkaisumme antavat l\u00e4pin\u00e4kyvyytt\u00e4 aina ilmanlaadusta arvokkaiden esineiden seurantaan.<\/p>\n<\/div>\n\n\n\n<div class=\"wp-block-column is-layout-flow wp-block-column-is-layout-flow\">\n<p class=\"has-text-align-center\"><strong>Visiomme<\/strong><\/p>\n\n\n\n<p>Tavoitteemme on auttaa asiakkaitamme lis\u00e4\u00e4m\u00e4\u00e4n tuottavuutta ja liiketoimintaa samalla, kun vaalitaan ymp\u00e4rist\u00f6llist\u00e4 ja sosiaalista p\u00e4\u00e4omaa. IoT-ratkaisuissa on potentiaalia parantaa ty\u00f6ntekij\u00f6iden, oppilaiden sek\u00e4 muiden ryhmien hyvinvointia sek\u00e4 kanavoida resursseja tehokkaasti, jolloin resursseja k\u00e4ytet\u00e4\u00e4n minimim\u00e4\u00e4r\u00e4. Tavoitteemme on kasvattaa vastuullista liiketoimintaa maailmanlaajuisesti.<\/p>\n<\/div>\n\n\n\n<div class=\"wp-block-column is-layout-flow wp-block-column-is-layout-flow\">\n<p class=\"has-text-align-center\"><strong>Lis\u00e4arvo<\/strong><\/p>\n\n\n\n<p>Uskomme siihen, ett\u00e4 tehokas resurssien k\u00e4ytt\u00f6 mahdollistaa kest\u00e4v\u00e4n liiketoiminnan tekemisen. IoT varmistaa, ett\u00e4 resursseja k\u00e4ytet\u00e4\u00e4n minimim\u00e4\u00e4r\u00e4. T\u00e4m\u00e4 edist\u00e4\u00e4 paitsi kest\u00e4vyytt\u00e4, mutta my\u00f6s liiketoimintaa. Rajallisten resurssien maailmassa resurssit tulee k\u00e4ytt\u00e4\u00e4 niin tehokkaasti kuin mahdollista.<\/p>\n<\/div>\n<\/div>\n\n\n\n<div style=\"height:86px\" aria-hidden=\"true\" class=\"wp-block-spacer\"><\/div>\n\n\n\n<div class=\"wp-block-columns is-layout-flex wp-container-core-columns-is-layout-28f84493 wp-block-columns-is-layout-flex\">\n<div class=\"wp-block-column is-vertically-aligned-center is-layout-flow wp-block-column-is-layout-flow\" style=\"flex-basis:50%\">\n<figure class=\"wp-block-image aligncenter size-full has-custom-border override-left\"><img loading=\"lazy\" decoding=\"async\" width=\"2560\" height=\"1708\" src=\"https:\/\/smalldatagarden.com\/wp-content\/uploads\/2025\/04\/shutterstock_735900559-scaled-1.jpg\" alt=\"\" class=\"wp-image-42238\" style=\"border-radius:8px\"\/><\/figure>\n<\/div>\n\n\n\n<div class=\"wp-block-column text-right has-background is-layout-flow wp-block-column-is-layout-flow\" style=\"border-radius:5px;background-color:#eaecf0;padding-top:var(--wp--preset--spacing--superbspacing-xsmall);padding-right:var(--wp--preset--spacing--superbspacing-xsmall);padding-bottom:var(--wp--preset--spacing--superbspacing-xsmall);padding-left:var(--wp--preset--spacing--superbspacing-xsmall);box-shadow:var(--wp--preset--shadow--natural);flex-basis:50%\">\n<div class=\"wp-block-group text-right has-global-padding is-layout-constrained wp-container-core-group-is-layout-2db875c8 wp-block-group-is-layout-constrained\" style=\"padding-top:var(--wp--preset--spacing--superbspacing-xsmall);padding-right:var(--wp--preset--spacing--superbspacing-xsmall);padding-bottom:var(--wp--preset--spacing--superbspacing-xsmall);padding-left:var(--wp--preset--spacing--superbspacing-xsmall)\">\n<h2 class=\"wp-block-heading\">Etsimme\nkumppaneita<\/h2>\n\n\n\n<ul class=\"wp-block-list\">\n<li>Joilla on vahva markkinatuntemus ja jotka ovat vakiintuneet kohdemarkkinoilleen.<\/li>\n\n\n\n<li>Jotka haluavat kasvattaa liiketoimintaansa ja luoda uusia tulovirtoja.<\/li>\n\n\n\n<li class=\"translation-block\">Jotka haluavat luoda ja toimittaa IOTSU\u00ae-tuoteperheeseemme perustuvia ratkaisuja ja palveluja.<\/li>\n\n\n\n<li class=\"translation-block\">Joilla on resursseja ja osaamista IOTSU\u00ae-ratkaisujen skaalaamiseen.<\/li>\n\n\n\n<li>Jotka ovat mieluiten kiinteist\u00f6johtamisen, rakentamisen, omaisuudenhallinnan, logistiikan, palveluntarjoajien tai muun soveltuvan teollisuuden aloilla.<\/li>\n\n\n<\/ul>\n<\/div>\n<\/div>\n<\/div>\n\n\n\n<div style=\"height:62px\" aria-hidden=\"true\" class=\"wp-block-spacer\"><\/div>\n\n\n\n<div class=\"wp-block-columns is-layout-flex wp-container-core-columns-is-layout-28f84493 wp-block-columns-is-layout-flex\">\n<div class=\"wp-block-column text-left has-background is-layout-flow wp-block-column-is-layout-flow\" style=\"border-radius:5px;background-color:#eaecf0;padding-top:var(--wp--preset--spacing--superbspacing-xsmall);padding-right:var(--wp--preset--spacing--superbspacing-xsmall);padding-bottom:var(--wp--preset--spacing--superbspacing-xsmall);padding-left:var(--wp--preset--spacing--superbspacing-xsmall);box-shadow:var(--wp--preset--shadow--natural);flex-basis:50%\">\n<div class=\"wp-block-group text-right has-global-padding is-layout-constrained wp-container-core-group-is-layout-2db875c8 wp-block-group-is-layout-constrained\" style=\"padding-top:var(--wp--preset--spacing--superbspacing-xsmall);padding-right:var(--wp--preset--spacing--superbspacing-xsmall);padding-bottom:var(--wp--preset--spacing--superbspacing-xsmall);padding-left:var(--wp--preset--spacing--superbspacing-xsmall)\">\n<h2 class=\"wp-block-heading\">Laajennamme verkostoamme<\/h2>\n\n\n\n<p class=\"translation-block\">Etsimme yhteisty\u00f6kumppaneita laajentaaksemme kotimaista ja kansainv\u00e4list\u00e4 verkostoamme ty\u00f6skentelem\u00e4\u00e4n innovatiivisten IOTSU\u00ae-laitteiden ja -ratkaisujen kanssa. Liiketoimintamallimme perustuu vahvaan paikalliseen ja toimialakohtaiseen yhteisty\u00f6h\u00f6n, joka tuottaa lis\u00e4arvoa loppuasiakkaille. Tavoitteemme on olla yksi IoT-alan edell\u00e4k\u00e4vij\u00f6ist\u00e4. Ota yhteytt\u00e4 kuullaksesi lis\u00e4\u00e4!<\/p>\n\n\n\n<div class=\"wp-block-buttons is-layout-flex wp-block-buttons-is-layout-flex\">\n<div class=\"wp-block-button\"><a class=\"wp-block-button__link wp-element-button\" href=\"https:\/\/smalldatagarden.com\/fi\/support-center\/\">Ota yhteytt\u00e4<\/a><\/div>\n<\/div>\n<\/div>\n<\/div>\n\n\n\n<div class=\"wp-block-column is-vertically-aligned-center is-layout-flow wp-block-column-is-layout-flow\" style=\"flex-basis:50%\">\n<figure class=\"wp-block-image aligncenter size-full has-custom-border override-right\"><img loading=\"lazy\" decoding=\"async\" width=\"1074\" height=\"720\" src=\"https:\/\/smalldatagarden.com\/wp-content\/uploads\/2025\/04\/partners2-1.png\" alt=\"\" class=\"wp-image-42253\" style=\"border-radius:8px;aspect-ratio:1.7777777777777777;object-fit:cover\"\/><\/figure>\n<\/div>\n<\/div>\n\n\n\n<div style=\"height:74px\" aria-hidden=\"true\" class=\"wp-block-spacer\"><\/div>\n<\/div>\n\n\n\n<div class=\"wp-block-group has-global-padding is-layout-constrained wp-block-group-is-layout-constrained\">\n<h2 class=\"wp-block-heading\">Yhteisty\u00f6kumppaneita Suomessa ovat<\/h2>\n\n\n\n<div class=\"wp-block-columns is-layout-flex wp-container-core-columns-is-layout-28f84493 wp-block-columns-is-layout-flex\">\n<div class=\"wp-block-column is-layout-flow wp-block-column-is-layout-flow\">\n<figure class=\"wp-block-image aligncenter size-full is-resized\" style=\"margin-top:0;margin-bottom:0\"><img loading=\"lazy\" decoding=\"async\" width=\"1024\" height=\"724\" src=\"https:\/\/smalldatagarden.com\/wp-content\/uploads\/2025\/04\/Elisa_logo_blue_RGB-1024x724-1.png\" alt=\"\" class=\"wp-image-42263\" style=\"width:auto;height:200px\"\/><\/figure>\n<\/div>\n\n\n\n<div class=\"wp-block-column is-layout-flow wp-block-column-is-layout-flow\">\n<p>Elisa tarjoaa kattavan, luotettavan ja tietoturvallisen IoT-verkon sek\u00e4 ratkaisuja kokonaisuutena tai tarvittavissa osissa. Yhdistettyn\u00e4 Small Data Gardenin IOTSU<sup>\u00ae<\/sup>-ratkaisuihin mahdollistetaan parhaiden kotimaisten ratkaisujen tarjoaminen yritysten tarpeisiin.<\/p>\n\n\n\n<p>Lis\u00e4tietoa Elisan IoT-palveluista:<\/p>\n\n\n\n<p><a href=\"https:\/\/yrityksille.elisa.fi\/\">Tutustu Elisan kotisivuihin<\/a><br><a href=\"https:\/\/yrityksille.elisa.fi\/iot\" target=\"_blank\" rel=\"noreferrer noopener\">Tutustu Elisan IoT-ratkaisuihin<\/a><\/p>\n<\/div>\n<\/div>\n\n\n\n<div style=\"height:50px\" aria-hidden=\"true\" class=\"wp-block-spacer\"><\/div>\n\n\n\n<div class=\"wp-block-columns is-layout-flex wp-container-core-columns-is-layout-28f84493 wp-block-columns-is-layout-flex\">\n<div class=\"wp-block-column is-layout-flow wp-block-column-is-layout-flow\">\n<figure class=\"wp-block-image aligncenter size-full is-resized\" style=\"margin-top:0;margin-bottom:0\"><img loading=\"lazy\" decoding=\"async\" width=\"202\" height=\"259\" src=\"https:\/\/smalldatagarden.com\/wp-content\/uploads\/2025\/04\/digita-varilogo.png\" alt=\"\" class=\"wp-image-42262\" style=\"width:auto;height:200px\"\/><\/figure>\n<\/div>\n\n\n\n<div class=\"wp-block-column is-layout-flow wp-block-column-is-layout-flow\">\n<p>Digita toimittaa IoT-verkkopalveluja Suomessa. Small Data Garden tarjoaa Digitan IoT-ekosysteemiin korkealaatuisia laiteratkaisuja l\u00e4hes koko maan kattavassa LoRaWAN<sup>\u00ae<\/sup>-verkossa.<\/p>\n\n\n\n<p>Lis\u00e4tietoa Digitan IoT-palveluista:<\/p>\n\n\n\n<p><a href=\"https:\/\/digita.fi\/\" target=\"_blank\" rel=\"noreferrer noopener\">Tutustu Digitan kotisivuihin<\/a><br><a href=\"https:\/\/www.digita.fi\/etusivu\/palvelut-yrityksille\/iot\/\" target=\"_blank\" rel=\"noreferrer noopener\">Tutustu Digitan IoT ratkaisuihin<\/a><\/p>\n\n\n\n<div style=\"height:50px\" aria-hidden=\"true\" class=\"wp-block-spacer\"><\/div>\n<\/div>\n<\/div>\n\n\n\n<div class=\"wp-block-columns is-layout-flex wp-container-core-columns-is-layout-28f84493 wp-block-columns-is-layout-flex\">\n<div class=\"wp-block-column is-layout-flow wp-block-column-is-layout-flow\">\n<figure class=\"wp-block-image aligncenter size-full is-resized\" style=\"margin-top:0;margin-bottom:0\"><img loading=\"lazy\" decoding=\"async\" width=\"500\" height=\"220\" src=\"https:\/\/smalldatagarden.com\/wp-content\/uploads\/2025\/04\/stig-wahlstrom-logo.png\" alt=\"\" class=\"wp-image-42261\" style=\"width:173px;height:auto\"\/><\/figure>\n<\/div>\n\n\n\n<div class=\"wp-block-column is-layout-flow wp-block-column-is-layout-flow\">\n<p>Mittaus- ja s\u00e4\u00e4t\u00f6tekniikan ammattilainen Stig Wahlstr\u00f6m Oy on solminut laitetoimittajasopimuksen Small Data Garden Oy:n kanssa. SWOY tarjoaa IOTSU<sup>\u00ae<\/sup> VARMA -laiteratkaisuja prosessiteollisuuden, kuntasektorin sek\u00e4 kiinteist\u00f6jen automaatioj\u00e4rjestelmien tarpeisiin.<\/p>\n\n\n\n<p>Lis\u00e4tietoja SWOY:n palveluista:<\/p>\n\n\n\n<p><a href=\"https:\/\/www.swoy.fi\/\" target=\"_blank\" rel=\"noreferrer noopener\">Tutustu Stig Whalstr\u00f6m Oy:n kotisivuun<\/a><br><a href=\"http:\/\/www.swoy.fi\/tuote\/iotsu-langattomat-anturiratkaisut\" target=\"_blank\" rel=\"noreferrer noopener\">Tutustu Stig Whalstr\u00f6min tarjoamiin langattomiin IOTSU<sup>\u00ae<\/sup> VARMA -laiteratkaisuihin<\/a><\/p>\n\n\n\n<div style=\"height:50px\" aria-hidden=\"true\" class=\"wp-block-spacer\"><\/div>\n<\/div>\n<\/div>\n\n\n\n<div class=\"wp-block-columns is-layout-flex wp-container-core-columns-is-layout-28f84493 wp-block-columns-is-layout-flex\">\n<div class=\"wp-block-column is-layout-flow wp-block-column-is-layout-flow\">\n<figure class=\"wp-block-image aligncenter size-full is-resized\" style=\"margin-top:0;margin-bottom:0\"><img loading=\"lazy\" decoding=\"async\" width=\"1024\" height=\"265\" src=\"https:\/\/smalldatagarden.com\/wp-content\/uploads\/2025\/04\/EU_disclaimer_kestavakasvu_EN-black-1024x265-1.png\" alt=\"\" class=\"wp-image-42260\" style=\"width:272px;height:auto\"\/><\/figure>\n<\/div>\n\n\n\n<div class=\"wp-block-column is-layout-flow wp-block-column-is-layout-flow\">\n<p>Small Data Garden Oy selvitt\u00e4\u00e4 vaatimuksia ja mahdollisuuksia kiinteist\u00f6jen olosuhteiden mittaamiseen Ruotsissa kunnossapito- ja huoltoyhti\u00f6iden kanssa sek\u00e4 julkisella sektorilla. Hankkeen nimi on \u201dKiinteist\u00f6jen olosuhteiden mittaus- ja hallintaratkaisut kunnossapito- ja huoltoyhti\u00f6iden sek\u00e4 julkisen sektorin parissa Ruotsin markkinoilla\u201d. Hanke on saanut NextGenerationEU -rahoitusta.<\/p>\n<\/div>\n<\/div>\n<\/div>\n\n\n\n<div style=\"height:96px\" aria-hidden=\"true\" class=\"wp-block-spacer\"><\/div>\n\n\n\n<p><\/p>","protected":false},"excerpt":{"rendered":"<p>Business Partners Become Our Business Partner and Grow Your Business with Scalable IoT Solutions. We are Looking for Business Partners to Extend Our International Network and to Cooperate with us in Terms of Our Innovative IOTSU\u00ae Products. About Small Data Garden Our Mission We help our customers channel their resources more effectively by designing, developing [&hellip;]<\/p>\n","protected":false},"author":1,"featured_media":0,"parent":0,"menu_order":0,"comment_status":"closed","ping_status":"closed","template":"page-full-width","meta":{"footnotes":""},"class_list":["post-42232","page","type-page","status-publish","hentry"],"yoast_head":"<!-- This site is optimized with the Yoast SEO plugin v27.2 - https:\/\/yoast.com\/product\/yoast-seo-wordpress\/ -->\n<title>Partners - Small Data Garden<\/title>\n<meta name=\"robots\" content=\"index, follow, max-snippet:-1, max-image-preview:large, max-video-preview:-1\" \/>\n<link rel=\"canonical\" href=\"https:\/\/smalldatagarden.com\/fi\/partners\/\" \/>\n<meta property=\"og:locale\" content=\"fi_FI\" \/>\n<meta property=\"og:type\" content=\"article\" \/>\n<meta property=\"og:title\" content=\"Partners - Small Data Garden\" \/>\n<meta property=\"og:description\" content=\"Business Partners Become Our Business Partner and Grow Your Business with Scalable IoT Solutions. We are Looking for Business Partners to Extend Our International Network and to Cooperate with us in Terms of Our Innovative IOTSU\u00ae Products. About Small Data Garden Our Mission We help our customers channel their resources more effectively by designing, developing [&hellip;]\" \/>\n<meta property=\"og:url\" content=\"https:\/\/smalldatagarden.com\/fi\/partners\/\" \/>\n<meta property=\"og:site_name\" content=\"Small Data Garden\" \/>\n<meta property=\"article:modified_time\" content=\"2025-04-28T11:00:46+00:00\" \/>\n<meta property=\"og:image\" content=\"https:\/\/smalldatagarden.com\/wp-content\/uploads\/2025\/04\/Machinery-Equipment-scaled-2.jpg\" \/>\n\t<meta property=\"og:image:width\" content=\"2560\" \/>\n\t<meta property=\"og:image:height\" content=\"1000\" \/>\n\t<meta property=\"og:image:type\" content=\"image\/jpeg\" \/>\n<meta name=\"twitter:card\" content=\"summary_large_image\" \/>\n<meta name=\"twitter:label1\" content=\"Arvioitu lukuaika\" \/>\n\t<meta name=\"twitter:data1\" content=\"3 minuuttia\" \/>\n<script type=\"application\/ld+json\" class=\"yoast-schema-graph\">{\"@context\":\"https:\/\/schema.org\",\"@graph\":[{\"@type\":\"WebPage\",\"@id\":\"https:\/\/smalldatagarden.com\/partners\/\",\"url\":\"https:\/\/smalldatagarden.com\/partners\/\",\"name\":\"Partners - Small Data Garden\",\"isPartOf\":{\"@id\":\"https:\/\/smalldatagarden.com\/#website\"},\"primaryImageOfPage\":{\"@id\":\"https:\/\/smalldatagarden.com\/partners\/#primaryimage\"},\"image\":{\"@id\":\"https:\/\/smalldatagarden.com\/partners\/#primaryimage\"},\"thumbnailUrl\":\"https:\/\/smalldatagarden.com\/wp-content\/uploads\/2025\/04\/Machinery-Equipment-scaled-2.jpg\",\"datePublished\":\"2025-04-25T09:45:51+00:00\",\"dateModified\":\"2025-04-28T11:00:46+00:00\",\"breadcrumb\":{\"@id\":\"https:\/\/smalldatagarden.com\/partners\/#breadcrumb\"},\"inLanguage\":\"fi\",\"potentialAction\":[{\"@type\":\"ReadAction\",\"target\":[\"https:\/\/smalldatagarden.com\/partners\/\"]}]},{\"@type\":\"ImageObject\",\"inLanguage\":\"fi\",\"@id\":\"https:\/\/smalldatagarden.com\/partners\/#primaryimage\",\"url\":\"https:\/\/smalldatagarden.com\/wp-content\/uploads\/2025\/04\/Machinery-Equipment-scaled-2.jpg\",\"contentUrl\":\"https:\/\/smalldatagarden.com\/wp-content\/uploads\/2025\/04\/Machinery-Equipment-scaled-2.jpg\"},{\"@type\":\"BreadcrumbList\",\"@id\":\"https:\/\/smalldatagarden.com\/partners\/#breadcrumb\",\"itemListElement\":[{\"@type\":\"ListItem\",\"position\":1,\"name\":\"Home\",\"item\":\"https:\/\/smalldatagarden.com\/fi\/\"},{\"@type\":\"ListItem\",\"position\":2,\"name\":\"Partners\"}]},{\"@type\":\"WebSite\",\"@id\":\"https:\/\/smalldatagarden.com\/#website\",\"url\":\"https:\/\/smalldatagarden.com\/\",\"name\":\"Small Data Garden\",\"description\":\"\",\"publisher\":{\"@id\":\"https:\/\/smalldatagarden.com\/#organization\"},\"potentialAction\":[{\"@type\":\"SearchAction\",\"target\":{\"@type\":\"EntryPoint\",\"urlTemplate\":\"https:\/\/smalldatagarden.com\/?s={search_term_string}\"},\"query-input\":{\"@type\":\"PropertyValueSpecification\",\"valueRequired\":true,\"valueName\":\"search_term_string\"}}],\"inLanguage\":\"fi\"},{\"@type\":\"Organization\",\"@id\":\"https:\/\/smalldatagarden.com\/#organization\",\"name\":\"Small Data Garden\",\"url\":\"https:\/\/smalldatagarden.com\/\",\"logo\":{\"@type\":\"ImageObject\",\"inLanguage\":\"fi\",\"@id\":\"https:\/\/smalldatagarden.com\/#\/schema\/logo\/image\/\",\"url\":\"https:\/\/smalldatagarden.com\/wp-content\/uploads\/2025\/02\/sdg_logo.png\",\"contentUrl\":\"https:\/\/smalldatagarden.com\/wp-content\/uploads\/2025\/02\/sdg_logo.png\",\"width\":500,\"height\":500,\"caption\":\"Small Data Garden\"},\"image\":{\"@id\":\"https:\/\/smalldatagarden.com\/#\/schema\/logo\/image\/\"},\"sameAs\":[\"https:\/\/www.linkedin.com\/company\/11354060\/\"]}]}<\/script>\n<!-- \/ Yoast SEO plugin. -->","yoast_head_json":{"title":"Partners - Small Data Garden","robots":{"index":"index","follow":"follow","max-snippet":"max-snippet:-1","max-image-preview":"max-image-preview:large","max-video-preview":"max-video-preview:-1"},"canonical":"https:\/\/smalldatagarden.com\/fi\/partners\/","og_locale":"fi_FI","og_type":"article","og_title":"Partners - Small Data Garden","og_description":"Business Partners Become Our Business Partner and Grow Your Business with Scalable IoT Solutions. We are Looking for Business Partners to Extend Our International Network and to Cooperate with us in Terms of Our Innovative IOTSU\u00ae Products. About Small Data Garden Our Mission We help our customers channel their resources more effectively by designing, developing [&hellip;]","og_url":"https:\/\/smalldatagarden.com\/fi\/partners\/","og_site_name":"Small Data Garden","article_modified_time":"2025-04-28T11:00:46+00:00","og_image":[{"width":2560,"height":1000,"url":"https:\/\/smalldatagarden.com\/wp-content\/uploads\/2025\/04\/Machinery-Equipment-scaled-2.jpg","type":"image\/jpeg"}],"twitter_card":"summary_large_image","twitter_misc":{"Arvioitu lukuaika":"3 minuuttia"},"schema":{"@context":"https:\/\/schema.org","@graph":[{"@type":"WebPage","@id":"https:\/\/smalldatagarden.com\/partners\/","url":"https:\/\/smalldatagarden.com\/partners\/","name":"Partners - Small Data Garden","isPartOf":{"@id":"https:\/\/smalldatagarden.com\/#website"},"primaryImageOfPage":{"@id":"https:\/\/smalldatagarden.com\/partners\/#primaryimage"},"image":{"@id":"https:\/\/smalldatagarden.com\/partners\/#primaryimage"},"thumbnailUrl":"https:\/\/smalldatagarden.com\/wp-content\/uploads\/2025\/04\/Machinery-Equipment-scaled-2.jpg","datePublished":"2025-04-25T09:45:51+00:00","dateModified":"2025-04-28T11:00:46+00:00","breadcrumb":{"@id":"https:\/\/smalldatagarden.com\/partners\/#breadcrumb"},"inLanguage":"fi","potentialAction":[{"@type":"ReadAction","target":["https:\/\/smalldatagarden.com\/partners\/"]}]},{"@type":"ImageObject","inLanguage":"fi","@id":"https:\/\/smalldatagarden.com\/partners\/#primaryimage","url":"https:\/\/smalldatagarden.com\/wp-content\/uploads\/2025\/04\/Machinery-Equipment-scaled-2.jpg","contentUrl":"https:\/\/smalldatagarden.com\/wp-content\/uploads\/2025\/04\/Machinery-Equipment-scaled-2.jpg"},{"@type":"BreadcrumbList","@id":"https:\/\/smalldatagarden.com\/partners\/#breadcrumb","itemListElement":[{"@type":"ListItem","position":1,"name":"Home","item":"https:\/\/smalldatagarden.com\/fi\/"},{"@type":"ListItem","position":2,"name":"Partners"}]},{"@type":"WebSite","@id":"https:\/\/smalldatagarden.com\/#website","url":"https:\/\/smalldatagarden.com\/","name":"Small Data Garden","description":"","publisher":{"@id":"https:\/\/smalldatagarden.com\/#organization"},"potentialAction":[{"@type":"SearchAction","target":{"@type":"EntryPoint","urlTemplate":"https:\/\/smalldatagarden.com\/?s={search_term_string}"},"query-input":{"@type":"PropertyValueSpecification","valueRequired":true,"valueName":"search_term_string"}}],"inLanguage":"fi"},{"@type":"Organization","@id":"https:\/\/smalldatagarden.com\/#organization","name":"Small Data Garden","url":"https:\/\/smalldatagarden.com\/","logo":{"@type":"ImageObject","inLanguage":"fi","@id":"https:\/\/smalldatagarden.com\/#\/schema\/logo\/image\/","url":"https:\/\/smalldatagarden.com\/wp-content\/uploads\/2025\/02\/sdg_logo.png","contentUrl":"https:\/\/smalldatagarden.com\/wp-content\/uploads\/2025\/02\/sdg_logo.png","width":500,"height":500,"caption":"Small Data Garden"},"image":{"@id":"https:\/\/smalldatagarden.com\/#\/schema\/logo\/image\/"},"sameAs":["https:\/\/www.linkedin.com\/company\/11354060\/"]}]}},"_links":{"self":[{"href":"https:\/\/smalldatagarden.com\/fi\/wp-json\/wp\/v2\/pages\/42232","targetHints":{"allow":["GET"]}}],"collection":[{"href":"https:\/\/smalldatagarden.com\/fi\/wp-json\/wp\/v2\/pages"}],"about":[{"href":"https:\/\/smalldatagarden.com\/fi\/wp-json\/wp\/v2\/types\/page"}],"author":[{"embeddable":true,"href":"https:\/\/smalldatagarden.com\/fi\/wp-json\/wp\/v2\/users\/1"}],"replies":[{"embeddable":true,"href":"https:\/\/smalldatagarden.com\/fi\/wp-json\/wp\/v2\/comments?post=42232"}],"version-history":[{"count":33,"href":"https:\/\/smalldatagarden.com\/fi\/wp-json\/wp\/v2\/pages\/42232\/revisions"}],"predecessor-version":[{"id":42433,"href":"https:\/\/smalldatagarden.com\/fi\/wp-json\/wp\/v2\/pages\/42232\/revisions\/42433"}],"wp:attachment":[{"href":"https:\/\/smalldatagarden.com\/fi\/wp-json\/wp\/v2\/media?parent=42232"}],"curies":[{"name":"wp","href":"https:\/\/api.w.org\/{rel}","templated":true}]}}