{"id":3,"date":"2025-02-14T08:29:18","date_gmt":"2025-02-14T08:29:18","guid":{"rendered":"https:\/\/smalldatagarden.com\/?page_id=3"},"modified":"2025-05-30T06:25:36","modified_gmt":"2025-05-30T06:25:36","slug":"privacy-policy","status":"publish","type":"page","link":"https:\/\/smalldatagarden.com\/fi\/privacy-policy\/","title":{"rendered":"Tietosuojaseloste ja ev\u00e4steet"},"content":{"rendered":"<div class=\"wp-block-group has-global-padding is-layout-constrained wp-block-group-is-layout-constrained\">\n<p>Small Data Garden Oy on sitoutunut k\u00e4sittelem\u00e4\u00e4n henkil\u00f6tietoja t\u00e4m\u00e4n tietosuojaselosteen ja sovellettavan lains\u00e4\u00e4d\u00e4nn\u00f6n mukaisesti. Toivomme asiakkaidemme ja k\u00e4ytt\u00e4jiemme tutustuvan t\u00e4h\u00e4n selosteeseen huolellisesti.<\/p>\n\n\n\n<p><strong>1. Rekisterinpit\u00e4j\u00e4:<\/strong><\/p>\n\n\n\n<p><strong>Small Data Garden Oy<\/strong><\/p>\n\n\n\n<p>Maantie 1<\/p>\n\n\n\n<p>11130 Riihim\u00e4ki<\/p>\n\n\n\n<p>Y-tunnus: 2815472-2<\/p>\n\n\n\n<p><strong>2. Rekisterin yhteyshenkil\u00f6t<\/strong><\/p>\n\n\n\n<p>Small Data Garden Oy palvelee rekisteriasioissa arkisin klo 9-16 v\u00e4lisen\u00e4 aikana. Rekisteri\u00e4 koskevat kysymykset voitte laittaa meille s\u00e4hk\u00f6postilla rekisterin yhteyshenkil\u00f6ille tai kirjeitse osoitteeseen Small Data Garden Oy, Maantie 1, 11130 Riihim\u00e4ki.<\/p>\n\n\n\n<p><strong>Yhteyshenkil\u00f6 rekisteri\u00e4 koskevissa asioissa:<\/strong><\/p>\n\n\n\n<p>Ville Salminen<\/p>\n\n\n\n<p>ville.salminen@smalldatagarden.fi<\/p>\n\n\n\n<p><strong>3. Rekisterin nimi<\/strong><\/p>\n\n\n\n<p>Rekisterin nimi on Small Data Garden Oy:n asiakas- ja yhteystietorekisteri. Rekisteri pit\u00e4\u00e4 sis\u00e4ll\u00e4\u00e4n pilvipalvelujen rekisterit sek\u00e4 asiakastietojen hallinnan, taloushallinnon- ja ERP-j\u00e4rjestelm\u00e4t.<\/p>\n\n\n\n<p><strong>4. Henkil\u00f6tietojen k\u00e4sittelyn tarkoitukset<\/strong><\/p>\n\n\n\n<p>Small Data Garden Oy:n k\u00e4ytt\u00e4m\u00e4t henkil\u00f6tiedot jaetaan tilauksien, toimituksien, yll\u00e4pidon sek\u00e4 niiden laskutukseen hoitoon liittyviin tietoihin, palveluun rekister\u00f6itymisen ja k\u00e4yt\u00f6n sek\u00e4 yll\u00e4pidon tietoihin sek\u00e4 asiakkuuksien hoitoon, liiketoimintamme kehitt\u00e4miseen ja markkinointiin liittyvin tietoihin.<\/p>\n\n\n\n<p>Henkil\u00f6tietojen k\u00e4sittelyn perusteena on sopimussuhde, rekister\u00f6idyn antama suostumus tai oikeutettu etu tai muu asiallinen yhteys, sopimussuhde tai lakis\u00e4\u00e4teinen velvoite.<\/p>\n\n\n\n<p>Henkil\u00f6tietojen k\u00e4sittelyn tarkoitus on yll\u00e4pit\u00e4\u00e4 asiakkaiden tietoja palvelun yll\u00e4pit\u00e4miseksi, toimitusten ja yll\u00e4pidon sek\u00e4 niiden hallintaa varten sek\u00e4 my\u00f6s s\u00e4hk\u00f6postitse tai puhelimitse tapahtuvaan kohdistettuun markkinointiin ja viestint\u00e4\u00e4n. Voimme k\u00e4sitell\u00e4 rekister\u00f6idyn tietoja tehd\u00e4ksemme s\u00e4hk\u00f6isi\u00e4 markkinointitoimenpiteit\u00e4 tai luovuttaaksemme yhteystietoja valikoitujen kumppanien kanssa suoramarkkinointitoimenpiteit\u00e4 varten. Voimme luovuttaa tietoja my\u00f6s kumppaneillamme toimitusten ja laskutuksen sek\u00e4 niiden hallinnan hoitamiseksi sek\u00e4 telekommunikaation hoitamiseksi ja yll\u00e4pit\u00e4miseksi.<\/p>\n\n\n\n<p>Lis\u00e4ksi Small Data Garden Oy:n yhteyshenkil\u00f6iden kanssa k\u00e4yt\u00e4v\u00e4t puhelinkeskustelut voidaan tallentaa. Tallennuksien avulla voidaan lis\u00e4ksi varmentaa puhelimitse tapahtunutta asiointia k\u00e4sitellyist\u00e4 ja sovituista asioista.<\/p>\n\n\n\n<p>Henkil\u00f6tietojen k\u00e4sittely perustuu EU:n yleisen tietosuoja-asetuksen 6(1)(b;c;e) artiklaan.<\/p>\n\n\n\n<p><strong>5. Millaisia tietoja ker\u00e4\u00e4mme<\/strong><\/p>\n\n\n\n<p>Ker\u00e4\u00e4mme rekister\u00f6idyst\u00e4 vain ennalta m\u00e4\u00e4ritettyjen k\u00e4ytt\u00f6tarkoitusten kannalta tarpeellisia henkil\u00f6tietoja. K\u00e4ytt\u00f6tarkoitus m\u00e4\u00e4ritt\u00e4\u00e4 mink\u00e4laista tietoa rekister\u00f6idyst\u00e4 ker\u00e4t\u00e4\u00e4n miss\u00e4kin tilanteessa.<\/p>\n\n\n\n<p>Small Data Garden Oy k\u00e4sittelee tai voi k\u00e4sitell\u00e4 t\u00e4ss\u00e4 selosteessa kuvattuihin tarkoituksiin seuraavia tietoja:<\/p>\n\n\n\n<ul class=\"wp-block-list\">\n<li>Yrityksen nimi<\/li>\n\n\n\n<li>Yrityksen olemassa olevat sopimukset<\/li>\n\n\n\n<li>Yrityksen yhteystiedot<\/li>\n\n\n\n<li>Yrityksen asiakasnumero<\/li>\n\n\n\n<li>Yrityksen yhteyshenkil\u00f6t<\/li>\n\n\n\n<li>Henkil\u00f6iden etu- ja sukunimi<\/li>\n\n\n\n<li>Henkil\u00f6iden yhteystiedot (puhelinnumero, osoite ja s\u00e4hk\u00f6postiosoite)<\/li>\n\n\n\n<li>Henkil\u00f6n titteli<\/li>\n\n\n\n<li>Henkil\u00f6n k\u00e4ytt\u00e4m\u00e4 kieli<\/li>\n\n\n\n<li>Asiakkaan k\u00e4ytt\u00e4j\u00e4hallintaan liittyv\u00e4t tiedot, kuten k\u00e4ytt\u00e4j\u00e4tunnukset<\/li>\n\n\n\n<li>Ohjelmisto- ja laitteistotiedot sek\u00e4 niihin liittyv\u00e4t k\u00e4ytt\u00f6tiedot<\/li>\n\n\n\n<li>Palvelujemme ker\u00e4\u00e4m\u00e4t mittaus- ja olosuhdetiedot<\/li>\n\n\n\n<li>Palveluumme ker\u00e4tty k\u00e4ytt\u00e4j\u00e4palaute<\/li>\n\n\n\n<li>Mahdolliset markkinointiluvat ja -kiellot<\/li>\n\n\n\n<li>Markkinointiin ja myynninedist\u00e4miseen sek\u00e4 asiakkuuksien hoitoon liittyv\u00e4t tiedot, esimerkiksi henkil\u00f6n kontaktoinnit<\/li>\n\n\n\n<li>Henkil\u00f6n itsens\u00e4 antamat tiedot, esimerkiksi rekister\u00f6innin yhteydess\u00e4 tai puhelimitse<\/li>\n\n\n\n<li>Muut rekister\u00f6idyn suostumuksella ker\u00e4tyt tiedot tai muut tiedot joihin on oikeutettu peruste.<\/li>\n\n\n\n<li>Puhelimitse k\u00e4ytyjen keskustelujen tallennukset.<\/li>\n<\/ul>\n\n\n\n<p>Lis\u00e4ksi palvelumme k\u00e4ytt\u00e4v\u00e4t ev\u00e4steit\u00e4 analytiikkaan sek\u00e4 h\u00e4iri\u00f6tekij\u00f6iden est\u00e4miseen.<\/p>\n\n\n\n<p><strong>6. S\u00e4\u00e4nn\u00f6nmukaiset tietol\u00e4hteet<\/strong><\/p>\n\n\n\n<p>Small Data Garden Oy ker\u00e4\u00e4 tietoja rekistereihins\u00e4 p\u00e4\u00e4s\u00e4\u00e4nt\u00f6isesti suoraan rekister\u00f6idylt\u00e4 itselt\u00e4\u00e4n joko puhelimitse, verkossa, sosiaalisessa mediassa, tapaamisissa tai jollakin muulla tavalla, esimerkiksi s\u00e4hk\u00f6postitse tai yhteydenottolomakkeen tai palveluumme annettujen tietojen kautta. Rekisteri\u00e4 p\u00e4ivitet\u00e4\u00e4n s\u00e4\u00e4nn\u00f6nmukaisesti esimerkiksi asiakkaan antamista tiedoista, palvelumme ker\u00e4\u00e4mill\u00e4 tiedoilla sek\u00e4 keskin\u00e4isen yhteysty\u00f6n aikana muutoin saatujen tietojen pohjalta.<\/p>\n\n\n\n<p>Small Data Gardenilla on oikeus ker\u00e4t\u00e4 ja p\u00e4ivitt\u00e4\u00e4 tietoja my\u00f6s julkisten tietol\u00e4hteiden, kuten esimerkiksi yrityksen verkkosivujen tai kaupallisten rekisterien kautta.<\/p>\n\n\n\n<p><strong>7. Tietojen s\u00e4\u00e4nn\u00f6nmukaiset luovutukset ja tietojen siirto EU:n tai ETA:n ulkopuolelle<\/strong><\/p>\n\n\n\n<p>Tietoja voidaan v\u00e4litt\u00e4\u00e4 eteenp\u00e4in yhteisty\u00f6kumppaneillemme asiakassuhteen ja palveluidemme yll\u00e4pit\u00e4miseksi. Small Data Garden Oy huomioi tietosuojalains\u00e4\u00e4d\u00e4nn\u00f6n ja sen asettamat rajat tietojen luovutuksissa. Tietoja luovutetaan vain niiss\u00e4 tapauksissa ja siin\u00e4 laajuudessa, kuin mit\u00e4 on tarpeen tietojen k\u00e4ytt\u00f6tarkoituksessa ja palveluiden asianmukaisessa toimittamisessa. Small Data Garden Oy noudattaa asianmukaisia suojaustoimenpiteit\u00e4 varmistaakseen henkil\u00f6tietojen suojan luovutusten yhteydess\u00e4.<\/p>\n\n\n\n<p>Tietoja voidaan siirt\u00e4\u00e4 rekisterinpit\u00e4j\u00e4n toimesta my\u00f6s EU:n tai ETA:n ulkopuolelle k\u00e4ytt\u00e4ess\u00e4mme ulkopuolisia palveluntarjoajia.<\/p>\n\n\n\n<p><strong>8. Henkil\u00f6tietojen s\u00e4ilytysaika<\/strong><\/p>\n\n\n\n<p>Small Data Garden Oy s\u00e4ilytt\u00e4\u00e4 rekisteriin ker\u00e4ttyj\u00e4 henkil\u00f6tietoja ainoastaan niin kauan ja siin\u00e4 laajuudessa kuin on tarpeellista ja lains\u00e4\u00e4d\u00e4nn\u00f6n mukaisesti sallittua suhteessa niihin alkuper\u00e4isiin tai yhteensopiviin tarkoituksiin, joihin henkil\u00f6tiedot on ker\u00e4tty. Henkil\u00f6tietojen k\u00e4ytt\u00f6tarkoitukset ovat kuvailtuna kohdassa nelj\u00e4 (4).<\/p>\n\n\n\n<p>Henkil\u00f6tietoja s\u00e4ilytet\u00e4\u00e4n p\u00e4\u00e4s\u00e4\u00e4nt\u00f6isesti enint\u00e4\u00e4n kuusi (6) vuotta asiakkaan tai yhteyshenkil\u00f6n kirjatusta tapahtumasta rekisteriss\u00e4. Poikkeuksena t\u00e4h\u00e4n ovat lailliset velvoitteet, kuten tilausten ja sopimusten arkistointi. N\u00e4iss\u00e4 tapauksissa tietoja voidaan s\u00e4ilytt\u00e4\u00e4 oletusarvoisesti kymmenen (10) vuotta.<\/p>\n\n\n\n<p>Kun s\u00e4ilytysaika on kulunut umpeen, Small Data Garden Oy joko tuhoaa tai poistaa henkil\u00f6tiedot tai muuntaa ne sellaiseen muotoon, ettei henkil\u00f6 ole niist\u00e4 en\u00e4\u00e4 tunnistettavissa. Tiedot poistetaan rekisterist\u00e4 my\u00f6s sen \u00e4lkeen, kun rekister\u00f6ity on peruuttanut antamansa suostumuksen.<\/p>\n\n\n\n<p>Asiakassuhteen p\u00e4\u00e4ttymisen j\u00e4lkeen henkil\u00f6tietoja voidaan tarvittaessa k\u00e4ytt\u00e4\u00e4 voimassa olevan lains\u00e4\u00e4d\u00e4nn\u00f6n salliessa. Lis\u00e4ksi seuraavissa tapauksissa voimme tai meill\u00e4 on velvollisuus s\u00e4ilytt\u00e4\u00e4 tietojasi:<\/p>\n\n\n\n<ul class=\"wp-block-list\">\n<li>Sopimusvelvoitteiden t\u00e4ytt\u00e4minen<\/li>\n\n\n\n<li>Tuotteiden ja palvelujen yll\u00e4pidon pitk\u00e4aikainen hoitaminen<\/li>\n\n\n\n<li>Lakis\u00e4\u00e4teisen velvoitteen noudattaminen<\/li>\n\n\n\n<li>Oikeudellisen vaateen laatiminen, esitt\u00e4minen tai puolustaminen<\/li>\n<\/ul>\n\n\n\n<p>Tietojen tuhoamisessa ja poistamisessa noudatetaan turvallisia k\u00e4yt\u00e4nt\u00f6j\u00e4. Lis\u00e4ksi Small Data Garden Oy poistaa s\u00e4\u00e4nn\u00f6llisesti sellaisia tietoja, jotka eiv\u00e4t en\u00e4\u00e4 ole tarpeellisia.<\/p>\n\n\n\n<p><strong>9. Tarkastusoikeus ja oikeus vaatia tiedon korjaamista<\/strong><\/p>\n\n\n\n<p>Jokaisella rekisteriss\u00e4 olevalla henkil\u00f6ll\u00e4 on oikeus tarkistaa rekisteriin tallennetut tietonsa ja vaatia mahdollisen virheellisen tiedon korjaamista tai puutteellisen tiedon t\u00e4ydent\u00e4mist\u00e4. Mik\u00e4li henkil\u00f6 haluaa tarkistaa h\u00e4nest\u00e4 tallennetut tiedot tai vaatia niihin oikaisua, pyynt\u00f6 tulee l\u00e4hett\u00e4\u00e4 kirjallisesti rekisterinpit\u00e4j\u00e4lle. Rekisterinpit\u00e4j\u00e4 voi pyyt\u00e4\u00e4 tarvittaessa pyynn\u00f6n esitt\u00e4j\u00e4\u00e4 todistamaan henkil\u00f6llisyytens\u00e4. Rekisterinpit\u00e4j\u00e4 vastaa asiakkaalle EU:n tietosuoja-asetuksessa s\u00e4\u00e4detyss\u00e4 ajassa (p\u00e4\u00e4s\u00e4\u00e4nt\u00f6isesti kuukauden kuluessa).<\/p>\n\n\n\n<p><strong>10. Muut henkil\u00f6tietojen k\u00e4sittelyyn liittyv\u00e4t oikeudet<\/strong><\/p>\n\n\n\n<p>Rekisteriss\u00e4 olevalla henkil\u00f6ll\u00e4 on oikeus pyyt\u00e4\u00e4 h\u00e4nt\u00e4 koskevien henkil\u00f6tietojen poistamiseen rekisterist\u00e4 (&#8220;oikeus tulla unohdetuksi&#8221;). Niin ik\u00e4\u00e4n rekister\u00f6idyill\u00e4 on muut EU:n yleisen tietosuoja-asetuksen mukaiset oikeudet kuten henkil\u00f6tietojen k\u00e4sittelyn rajoittaminen tietyiss\u00e4 tilanteissa. Pyynn\u00f6t tulee l\u00e4hett\u00e4\u00e4 kirjallisesti s\u00e4hk\u00f6postilla rekisterinpit\u00e4j\u00e4lle. Rekisterinpit\u00e4j\u00e4 voi pyyt\u00e4\u00e4 tarvittaessa pyynn\u00f6n esitt\u00e4j\u00e4\u00e4 todistamaan henkil\u00f6llisyytens\u00e4. Rekisterinpit\u00e4j\u00e4 vastaa asiakkaalle EU:n tietosuoja-asetuksessa s\u00e4\u00e4detyss\u00e4 ajassa (p\u00e4\u00e4s\u00e4\u00e4nt\u00f6isesti kuukauden kuluessa).<\/p>\n\n\n\n<p><strong>11. Muutokset tietosuojaselosteessa<\/strong><\/p>\n\n\n\n<p>Small Data Garden Oy kehitt\u00e4\u00e4 liiketoimintaansa jatkuvasti ja muun muassa sen vuoksi Small Data Garden Oy pid\u00e4tt\u00e4\u00e4 oikeuden muuttaa t\u00e4t\u00e4 tietosuojaselostetta. Muutokset tulevat voimaan, kun olemme julkaisseet p\u00e4ivitetyn tietosuojaselosteen. Muutokset voivat perustua esimerkiksi lains\u00e4\u00e4d\u00e4nn\u00f6n muutoksiin tai uusiin ominaisuuksiin palveluissamme. Small Data Garden Oy suosittelee lis\u00e4ksi, ett\u00e4 asiakas tarkistaa tietosuojaselosteen s\u00e4\u00e4nn\u00f6llisesti.<\/p>\n\n\n\n<p>T\u00e4m\u00e4 tietosuojaseloste on p\u00e4ivitetty viimeksi <strong>21.5.202<\/strong><strong>5<\/strong>.<\/p>\n<\/div>","protected":false},"excerpt":{"rendered":"<p>Small Data Garden Oy on sitoutunut k\u00e4sittelem\u00e4\u00e4n henkil\u00f6tietoja t\u00e4m\u00e4n tietosuojaselosteen ja sovellettavan lains\u00e4\u00e4d\u00e4nn\u00f6n mukaisesti. Toivomme asiakkaidemme ja k\u00e4ytt\u00e4jiemme tutustuvan t\u00e4h\u00e4n selosteeseen huolellisesti. 1. Rekisterinpit\u00e4j\u00e4: Small Data Garden Oy Maantie 1 11130 Riihim\u00e4ki Y-tunnus: 2815472-2 2. Rekisterin yhteyshenkil\u00f6t Small Data Garden Oy palvelee rekisteriasioissa arkisin klo 9-16 v\u00e4lisen\u00e4 aikana. Rekisteri\u00e4 koskevat kysymykset voitte laittaa meille s\u00e4hk\u00f6postilla [&hellip;]<\/p>\n","protected":false},"author":1,"featured_media":0,"parent":0,"menu_order":0,"comment_status":"closed","ping_status":"open","template":"","meta":{"footnotes":""},"class_list":["post-3","page","type-page","status-publish","hentry"],"yoast_head":"<!-- This site is optimized with the Yoast SEO plugin v27.2 - https:\/\/yoast.com\/product\/yoast-seo-wordpress\/ -->\n<title>Cookie and Privacy Policy - Small Data Garden<\/title>\n<meta name=\"robots\" content=\"index, follow, max-snippet:-1, max-image-preview:large, max-video-preview:-1\" \/>\n<link rel=\"canonical\" href=\"https:\/\/smalldatagarden.com\/fi\/privacy-policy\/\" \/>\n<meta property=\"og:locale\" content=\"fi_FI\" \/>\n<meta property=\"og:type\" content=\"article\" \/>\n<meta property=\"og:title\" content=\"Cookie and Privacy Policy - Small Data Garden\" \/>\n<meta property=\"og:description\" content=\"Small Data Garden Oy on sitoutunut k\u00e4sittelem\u00e4\u00e4n henkil\u00f6tietoja t\u00e4m\u00e4n tietosuojaselosteen ja sovellettavan lains\u00e4\u00e4d\u00e4nn\u00f6n mukaisesti. Toivomme asiakkaidemme ja k\u00e4ytt\u00e4jiemme tutustuvan t\u00e4h\u00e4n selosteeseen huolellisesti. 1. Rekisterinpit\u00e4j\u00e4: Small Data Garden Oy Maantie 1 11130 Riihim\u00e4ki Y-tunnus: 2815472-2 2. Rekisterin yhteyshenkil\u00f6t Small Data Garden Oy palvelee rekisteriasioissa arkisin klo 9-16 v\u00e4lisen\u00e4 aikana. Rekisteri\u00e4 koskevat kysymykset voitte laittaa meille s\u00e4hk\u00f6postilla [&hellip;]\" \/>\n<meta property=\"og:url\" content=\"https:\/\/smalldatagarden.com\/fi\/privacy-policy\/\" \/>\n<meta property=\"og:site_name\" content=\"Small Data Garden\" \/>\n<meta property=\"article:modified_time\" content=\"2025-05-30T06:25:36+00:00\" \/>\n<meta name=\"twitter:card\" content=\"summary_large_image\" \/>\n<meta name=\"twitter:label1\" content=\"Arvioitu lukuaika\" \/>\n\t<meta name=\"twitter:data1\" content=\"10 minuuttia\" \/>\n<script type=\"application\/ld+json\" class=\"yoast-schema-graph\">{\"@context\":\"https:\/\/schema.org\",\"@graph\":[{\"@type\":\"WebPage\",\"@id\":\"https:\/\/smalldatagarden.com\/privacy-policy\/\",\"url\":\"https:\/\/smalldatagarden.com\/privacy-policy\/\",\"name\":\"Cookie and Privacy Policy - Small Data Garden\",\"isPartOf\":{\"@id\":\"https:\/\/smalldatagarden.com\/#website\"},\"datePublished\":\"2025-02-14T08:29:18+00:00\",\"dateModified\":\"2025-05-30T06:25:36+00:00\",\"breadcrumb\":{\"@id\":\"https:\/\/smalldatagarden.com\/privacy-policy\/#breadcrumb\"},\"inLanguage\":\"fi\",\"potentialAction\":[{\"@type\":\"ReadAction\",\"target\":[\"https:\/\/smalldatagarden.com\/privacy-policy\/\"]}]},{\"@type\":\"BreadcrumbList\",\"@id\":\"https:\/\/smalldatagarden.com\/privacy-policy\/#breadcrumb\",\"itemListElement\":[{\"@type\":\"ListItem\",\"position\":1,\"name\":\"Home\",\"item\":\"https:\/\/smalldatagarden.com\/fi\/\"},{\"@type\":\"ListItem\",\"position\":2,\"name\":\"Cookie and Privacy Policy\"}]},{\"@type\":\"WebSite\",\"@id\":\"https:\/\/smalldatagarden.com\/#website\",\"url\":\"https:\/\/smalldatagarden.com\/\",\"name\":\"Small Data Garden\",\"description\":\"\",\"publisher\":{\"@id\":\"https:\/\/smalldatagarden.com\/#organization\"},\"potentialAction\":[{\"@type\":\"SearchAction\",\"target\":{\"@type\":\"EntryPoint\",\"urlTemplate\":\"https:\/\/smalldatagarden.com\/?s={search_term_string}\"},\"query-input\":{\"@type\":\"PropertyValueSpecification\",\"valueRequired\":true,\"valueName\":\"search_term_string\"}}],\"inLanguage\":\"fi\"},{\"@type\":\"Organization\",\"@id\":\"https:\/\/smalldatagarden.com\/#organization\",\"name\":\"Small Data Garden\",\"url\":\"https:\/\/smalldatagarden.com\/\",\"logo\":{\"@type\":\"ImageObject\",\"inLanguage\":\"fi\",\"@id\":\"https:\/\/smalldatagarden.com\/#\/schema\/logo\/image\/\",\"url\":\"https:\/\/smalldatagarden.com\/wp-content\/uploads\/2025\/02\/sdg_logo.png\",\"contentUrl\":\"https:\/\/smalldatagarden.com\/wp-content\/uploads\/2025\/02\/sdg_logo.png\",\"width\":500,\"height\":500,\"caption\":\"Small Data Garden\"},\"image\":{\"@id\":\"https:\/\/smalldatagarden.com\/#\/schema\/logo\/image\/\"},\"sameAs\":[\"https:\/\/www.linkedin.com\/company\/11354060\/\"]}]}<\/script>\n<!-- \/ Yoast SEO plugin. -->","yoast_head_json":{"title":"Cookie and Privacy Policy - Small Data Garden","robots":{"index":"index","follow":"follow","max-snippet":"max-snippet:-1","max-image-preview":"max-image-preview:large","max-video-preview":"max-video-preview:-1"},"canonical":"https:\/\/smalldatagarden.com\/fi\/privacy-policy\/","og_locale":"fi_FI","og_type":"article","og_title":"Cookie and Privacy Policy - Small Data Garden","og_description":"Small Data Garden Oy on sitoutunut k\u00e4sittelem\u00e4\u00e4n henkil\u00f6tietoja t\u00e4m\u00e4n tietosuojaselosteen ja sovellettavan lains\u00e4\u00e4d\u00e4nn\u00f6n mukaisesti. Toivomme asiakkaidemme ja k\u00e4ytt\u00e4jiemme tutustuvan t\u00e4h\u00e4n selosteeseen huolellisesti. 1. Rekisterinpit\u00e4j\u00e4: Small Data Garden Oy Maantie 1 11130 Riihim\u00e4ki Y-tunnus: 2815472-2 2. Rekisterin yhteyshenkil\u00f6t Small Data Garden Oy palvelee rekisteriasioissa arkisin klo 9-16 v\u00e4lisen\u00e4 aikana. Rekisteri\u00e4 koskevat kysymykset voitte laittaa meille s\u00e4hk\u00f6postilla [&hellip;]","og_url":"https:\/\/smalldatagarden.com\/fi\/privacy-policy\/","og_site_name":"Small Data Garden","article_modified_time":"2025-05-30T06:25:36+00:00","twitter_card":"summary_large_image","twitter_misc":{"Arvioitu lukuaika":"10 minuuttia"},"schema":{"@context":"https:\/\/schema.org","@graph":[{"@type":"WebPage","@id":"https:\/\/smalldatagarden.com\/privacy-policy\/","url":"https:\/\/smalldatagarden.com\/privacy-policy\/","name":"Cookie and Privacy Policy - Small Data Garden","isPartOf":{"@id":"https:\/\/smalldatagarden.com\/#website"},"datePublished":"2025-02-14T08:29:18+00:00","dateModified":"2025-05-30T06:25:36+00:00","breadcrumb":{"@id":"https:\/\/smalldatagarden.com\/privacy-policy\/#breadcrumb"},"inLanguage":"fi","potentialAction":[{"@type":"ReadAction","target":["https:\/\/smalldatagarden.com\/privacy-policy\/"]}]},{"@type":"BreadcrumbList","@id":"https:\/\/smalldatagarden.com\/privacy-policy\/#breadcrumb","itemListElement":[{"@type":"ListItem","position":1,"name":"Home","item":"https:\/\/smalldatagarden.com\/fi\/"},{"@type":"ListItem","position":2,"name":"Cookie and Privacy Policy"}]},{"@type":"WebSite","@id":"https:\/\/smalldatagarden.com\/#website","url":"https:\/\/smalldatagarden.com\/","name":"Small Data Garden","description":"","publisher":{"@id":"https:\/\/smalldatagarden.com\/#organization"},"potentialAction":[{"@type":"SearchAction","target":{"@type":"EntryPoint","urlTemplate":"https:\/\/smalldatagarden.com\/?s={search_term_string}"},"query-input":{"@type":"PropertyValueSpecification","valueRequired":true,"valueName":"search_term_string"}}],"inLanguage":"fi"},{"@type":"Organization","@id":"https:\/\/smalldatagarden.com\/#organization","name":"Small Data Garden","url":"https:\/\/smalldatagarden.com\/","logo":{"@type":"ImageObject","inLanguage":"fi","@id":"https:\/\/smalldatagarden.com\/#\/schema\/logo\/image\/","url":"https:\/\/smalldatagarden.com\/wp-content\/uploads\/2025\/02\/sdg_logo.png","contentUrl":"https:\/\/smalldatagarden.com\/wp-content\/uploads\/2025\/02\/sdg_logo.png","width":500,"height":500,"caption":"Small Data Garden"},"image":{"@id":"https:\/\/smalldatagarden.com\/#\/schema\/logo\/image\/"},"sameAs":["https:\/\/www.linkedin.com\/company\/11354060\/"]}]}},"_links":{"self":[{"href":"https:\/\/smalldatagarden.com\/fi\/wp-json\/wp\/v2\/pages\/3","targetHints":{"allow":["GET"]}}],"collection":[{"href":"https:\/\/smalldatagarden.com\/fi\/wp-json\/wp\/v2\/pages"}],"about":[{"href":"https:\/\/smalldatagarden.com\/fi\/wp-json\/wp\/v2\/types\/page"}],"author":[{"embeddable":true,"href":"https:\/\/smalldatagarden.com\/fi\/wp-json\/wp\/v2\/users\/1"}],"replies":[{"embeddable":true,"href":"https:\/\/smalldatagarden.com\/fi\/wp-json\/wp\/v2\/comments?post=3"}],"version-history":[{"count":12,"href":"https:\/\/smalldatagarden.com\/fi\/wp-json\/wp\/v2\/pages\/3\/revisions"}],"predecessor-version":[{"id":42663,"href":"https:\/\/smalldatagarden.com\/fi\/wp-json\/wp\/v2\/pages\/3\/revisions\/42663"}],"wp:attachment":[{"href":"https:\/\/smalldatagarden.com\/fi\/wp-json\/wp\/v2\/media?parent=3"}],"curies":[{"name":"wp","href":"https:\/\/api.w.org\/{rel}","templated":true}]}}